{"id":3068,"date":"2025-05-01T02:45:34","date_gmt":"2025-05-01T02:45:34","guid":{"rendered":"http:\/\/vivacomharmonia.com.br\/?page_id=3068"},"modified":"2025-06-26T17:58:16","modified_gmt":"2025-06-26T17:58:16","slug":"reiki","status":"publish","type":"page","link":"https:\/\/vivacomharmonia.com.br\/index.php\/reiki\/","title":{"rendered":"REIKI"},"content":{"rendered":"\t\t<div data-elementor-type=\"wp-page\" data-elementor-id=\"3068\" class=\"elementor elementor-3068\" data-elementor-settings=\"[]\">\n\t\t\t\t\t\t\t<div class=\"elementor-section-wrap\">\n\t\t\t\t\t\t\t<section class=\"elementor-section elementor-top-section elementor-element elementor-element-df1d750 elementor-section-boxed elementor-section-height-default elementor-section-height-default\" data-id=\"df1d750\" data-element_type=\"section\">\n\t\t\t\t\t\t<div class=\"elementor-container elementor-column-gap-default\">\n\t\t\t\t\t<div class=\"elementor-column elementor-col-33 elementor-top-column elementor-element elementor-element-0d7801e\" data-id=\"0d7801e\" data-element_type=\"column\">\n\t\t\t<div class=\"elementor-widget-wrap elementor-element-populated\">\n\t\t\t\t\t\t\t\t<div class=\"elementor-element elementor-element-f8acf25 elementor-hidden-phone elementor-widget elementor-widget-image\" data-id=\"f8acf25\" data-element_type=\"widget\" data-widget_type=\"image.default\">\n\t\t\t\t<div class=\"elementor-widget-container\">\n\t\t\t\t\t<div class=\"elementor-image\">\n\t\t\t\t\t\t\t\t\t\t<img loading=\"lazy\" decoding=\"async\" width=\"274\" height=\"434\" src=\"https:\/\/vivacomharmonia.com.br\/wp-content\/uploads\/2025\/05\/reiki3.jpg\" class=\"attachment-full size-full\" alt=\"\" srcset=\"https:\/\/vivacomharmonia.com.br\/wp-content\/uploads\/2025\/05\/reiki3.jpg 274w, https:\/\/vivacomharmonia.com.br\/wp-content\/uploads\/2025\/05\/reiki3-189x300.jpg 189w\" sizes=\"auto, (max-width: 274px) 100vw, 274px\" \/>\t\t\t\t\t\t\t\t\t\t\t<\/div>\n\t\t\t\t<\/div>\n\t\t\t\t<\/div>\n\t\t\t\t\t<\/div>\n\t\t<\/div>\n\t\t\t\t<div class=\"elementor-column elementor-col-66 elementor-top-column elementor-element elementor-element-2379b9a\" data-id=\"2379b9a\" data-element_type=\"column\">\n\t\t\t<div class=\"elementor-widget-wrap elementor-element-populated\">\n\t\t\t\t\t\t\t\t<div class=\"elementor-element elementor-element-baa088c gyan-title-desc-left elementor-widget elementor-widget-gyan_title\" data-id=\"baa088c\" data-element_type=\"widget\" data-widget_type=\"gyan_title.default\">\n\t\t\t\t<div class=\"elementor-widget-container\">\n\t\t\t\t\t<div class=\"gyan-title\">\r\n\t\t\t<h2 class=\"gyan-title-heading\">Introdu\u00e7\u00e3o<\/h2><div class=\"gyan-title-desc\">O Reiki \u00e9 uma pr\u00e1tica muito pessoal, cada um de n\u00f3s percorre o pr\u00f3prio caminho com o Reiki, mas todos trabalham com a mesma energia universal. <p>\n\nO que significa \u201cReiki\u201d? Rei significa \u2018espirito universal, transcendental, ou ess\u00eancia ilimitada\u2019. Ki representa a \u2018energia da for\u00e7a vital\u2019 e em sua qualidade equivale ao Chi ou Prana.  Uma tradu\u00e7\u00e3o mais precisa \u00e9 \u2018energia sagrada\u2019 e que a palavra \u00e9 simplesmente um modo respeitoso de referir-se ao Ki. Reiki n\u00e3o \u00e9 certa energia separada do Ki b\u00e1sico do Universo \u2013 Reiki \u00e9 o ki b\u00e1sico.  <p><p> Os Kanji japoneses para o Reiki podem ser traduzidos como \u2018energia sagrada\u2019. Este Ki \u00e9 a energia b\u00e1sica do Universo, n\u00e3o sendo nenhuma outra forma energ\u00e9tica separada dela. <\/div>\t\t<\/div>\r\n\t\t\t\t<\/div>\n\t\t\t\t<\/div>\n\t\t\t\t\t<\/div>\n\t\t<\/div>\n\t\t\t\t\t\t\t<\/div>\n\t\t<\/section>\n\t\t\t\t<section class=\"elementor-section elementor-top-section elementor-element elementor-element-bc7ec9b elementor-section-boxed elementor-section-height-default elementor-section-height-default\" data-id=\"bc7ec9b\" data-element_type=\"section\">\n\t\t\t\t\t\t<div class=\"elementor-container elementor-column-gap-default\">\n\t\t\t\t\t<div class=\"elementor-column elementor-col-100 elementor-top-column elementor-element elementor-element-61cfafa\" data-id=\"61cfafa\" data-element_type=\"column\">\n\t\t\t<div class=\"elementor-widget-wrap elementor-element-populated\">\n\t\t\t\t\t\t\t\t<div class=\"elementor-element elementor-element-fd39d81 gyan-title-desc-justify elementor-widget elementor-widget-gyan_title\" data-id=\"fd39d81\" data-element_type=\"widget\" data-widget_type=\"gyan_title.default\">\n\t\t\t\t<div class=\"elementor-widget-container\">\n\t\t\t\t\t<div class=\"gyan-title\">\r\n\t\t\t<div class=\"gyan-title-desc\">A energia que constitui o seu corpo \u00e9 a mesma que comp\u00f5e uma montanha, um animal de estima\u00e7\u00e3o, sua plantas do jardim, pode parecer incompreens\u00edvel, que tudo tenha a mesma origem, mas tudo cresce se desenvolve e volta para a fonte, essa energia une o Universo. <p>\n\nFor\u00e7a vital universal tem um conceito que se encontra em v\u00e1rias tradi\u00e7\u00f5es orientais. Na medicina ayurv\u00e9dica indiana e no yoga se chama Prana; na medicina tradicional chinesa, baseada no tao\u00edsmo, \u00e9 chamada Chi ou Qi, que depois se  tornou Ki em japon\u00eas. Na tradi\u00e7\u00e3o crist\u00e3, alguns estudiosos admitem que refer\u00eancias \u00e0 Luz aponta o mesmo conceito. <p>\n\nNos \u00faltimos 50 anos, os f\u00edsicos pesquisaram a mat\u00e9ria e conclu\u00edram que o que sustenta toda a mat\u00e9ria, em todas as formas, \u00e9 a ENERGIA. Essa energia vibra em diferentes frequ\u00eancias, e \u00e9 por isso que uma pedra \u00e9 mais s\u00f3lida e mais densa do que o corpo humano. A ideia de que tudo \u00e9 formado de uma \u00fanica fonte de energia \u00e9 muito importante quando se trata de trabalhar com energia seja atrav\u00e9s do REIKI, do TAI CHI ou de outros m\u00e9todos e t\u00e9cnicas. Se tudo no Universo \u00e9 criado a partir de uma \u00fanica fonte, ent\u00e3o todas as coisas, animadas ou inanimadas, est\u00e3o interligadas. Isso significa que estamos constantemente interagindo uns com os outros e influenciando uns aos outros como se fossemos  um corpo gigantesco (o que chamamos de energia ou pensamento coletivo). \n<p>\nTrabalhar com a energia, embora a energia do universo seja ilimitada, sofremos um desgaste dessa energia quando n\u00e3o temos uma vida reta, quando vibramos no mal, acontece um desequil\u00edbrio e \u00e9 preciso reabastecer com nossas reservas de energia, principalmente depois da juventude, se esta for muito escassa de alimenta\u00e7\u00e3o do corpo f\u00edsico e energ\u00e9tica. Essa falta de energia come\u00e7a a causar doen\u00e7as ou a perda da capacidade de viver conforme nosso verdadeiro potencial. \n<p>\nO trabalho com a energia para reverter, ou pelo menos aliviar essa perda energ\u00e9tica \u00e9 pelo uso de pr\u00e1ticas, como por exemplo: o Chi Kung que ensina uma pr\u00e1tica de exerc\u00edcios e movimentos que trazem o equil\u00edbrio novamente. No yoga, o exerc\u00edcio respirat\u00f3rio chamado Pranayama produz o mesmo resultado. No REIKI, a energia prov\u00e9m do Universo e \u00e9 transmitida pela palma das m\u00e3os para reequil\u00edbrio, encontrando mais satisfa\u00e7\u00e3o na vida em todos os sentidos. \n<p>\nAssim, \u00e9 em tradi\u00e7\u00f5es espirituais como o Tao\u00edsmo, o Budismo e o Hindu\u00edsmo que devemos procurar as pr\u00e1ticas f\u00edsicas e mentais que nos ensinam a energia \u00e9 o poder de curar tanto a nossa vida como a vida das outras pessoas. Jesus como o maior dos curadores, todavia ao longo de quase 2000 anos atr\u00e1s, j\u00e1 ensinava a curar pela imposi\u00e7\u00e3o das m\u00e3os, e quando batizou os ap\u00f3stolos com o Esp\u00edrito Santo (muito parecida com a sintoniza\u00e7\u00e3o do Reiki), Jesus falou claramente que todos poderiam curar como ele. Segundo o esp\u00edrito de Ramatis atrav\u00e9s da psicografia de Herc\u00edlio Maes, Jesus e muitos dos seus conterr\u00e2neos tinha acesso ao conhecimento da Filosofia Tibetana e \u00e0 praticavam em grupos secretos para n\u00e3o sofrerem a persegui\u00e7\u00e3o dos romanos. Assim tinham todo o conhecimento do processo reencarnat\u00f3rio e de manipula\u00e7\u00e3o da energia universal. Escrituras antigas descobertas a pouco tempo em cavernas pr\u00f3ximo ao mar Morto, tamb\u00e9m trouxeram essas revela\u00e7\u00f5es. \n<p>\nTrabalhar com a energia n\u00e3o implica acreditar em Deus ou ter uma religi\u00e3o, mas simplesmente ter o desejo de melhorar sua vida em todos os aspectos. Pode ser combinado com uma pr\u00e1tica espiritual ou pode ser uma forma de pr\u00e1tica espiritual em si.  <p>\n\nAs origens do Reiki s\u00e3o complexas, no sentido de que \u00e9 um sistema que pode ser considerado muito antigo, mas modernizado por Mikao Usui no Jap\u00e3o a mais de 100 anos atr\u00e1s, que se baseou em in\u00fameras influ\u00eancias importantes, e foi trazido para o ocidente, onde evoluiu ainda mais. Mas o Reiki japon\u00eas tamb\u00e9m se desenvolveu, e os dois ramos seguiram dire\u00e7\u00f5es diferentes. Recentemente, os ocidentais \u201credescobriram\u201d o ramo japon\u00eas do Reiki, de modo que as pr\u00e1ticas s\u00e3o hoje bastante variadas. Apesar de haver muitas varia\u00e7\u00f5es da pr\u00e1tica original do Reiki, as origens do sistema  encontram-se sem d\u00favida no Jap\u00e3o. A energia com que o sistema opera, por\u00e9m, \u00e9 universal e comum a muitos sistemas que se  mostram em outras filosofias no Oriente. O Reiki como energia n\u00e3o \u00e9 algo diferente ou especial, mas o sistema de Reiki \u00e9 \u00fanico. \n<p>\nO que significa \u201cReiki\u201d? Rei significa \u2018espirito universal, transcendental, ou ess\u00eancia ilimitada\u2019. Ki representa a \u2018energia da for\u00e7a vital\u2019 e em sua qualidade equivale ao Chi ou Prana.  Uma tradu\u00e7\u00e3o mais precisa \u00e9 \u2018energia sagrada\u2019 e que a palavra \u00e9 simplesmente um modo respeitoso de referir-se ao Ki. Reiki n\u00e3o \u00e9 certa energia separada do Ki b\u00e1sico do Universo \u2013 Reiki \u00e9 o ki b\u00e1sico.  <p><p> Os Kanji japoneses para o Reiki podem ser traduzidos como \u2018energia sagrada\u2019. Este Ki \u00e9 a energia b\u00e1sica do Universo, n\u00e3o sendo nenhuma outra forma energ\u00e9tica separada dela. <\/div>\t\t<\/div>\r\n\t\t\t\t<\/div>\n\t\t\t\t<\/div>\n\t\t\t\t\t<\/div>\n\t\t<\/div>\n\t\t\t\t\t\t\t<\/div>\n\t\t<\/section>\n\t\t\t\t<section class=\"elementor-section elementor-top-section elementor-element elementor-element-2d0ee6b elementor-section-boxed elementor-section-height-default elementor-section-height-default\" data-id=\"2d0ee6b\" data-element_type=\"section\">\n\t\t\t\t\t\t<div class=\"elementor-container elementor-column-gap-default\">\n\t\t\t\t\t<div class=\"elementor-column elementor-col-33 elementor-top-column elementor-element elementor-element-7acfff0\" data-id=\"7acfff0\" data-element_type=\"column\">\n\t\t\t<div class=\"elementor-widget-wrap elementor-element-populated\">\n\t\t\t\t\t\t\t\t<div class=\"elementor-element elementor-element-0a02a6b elementor-hidden-phone elementor-widget elementor-widget-image\" data-id=\"0a02a6b\" data-element_type=\"widget\" data-widget_type=\"image.default\">\n\t\t\t\t<div class=\"elementor-widget-container\">\n\t\t\t\t\t<div class=\"elementor-image\">\n\t\t\t\t\t\t\t\t\t\t<img loading=\"lazy\" decoding=\"async\" width=\"278\" height=\"366\" src=\"https:\/\/vivacomharmonia.com.br\/wp-content\/uploads\/2025\/05\/reiki4.jpg\" class=\"attachment-full size-full\" alt=\"\" srcset=\"https:\/\/vivacomharmonia.com.br\/wp-content\/uploads\/2025\/05\/reiki4.jpg 278w, https:\/\/vivacomharmonia.com.br\/wp-content\/uploads\/2025\/05\/reiki4-228x300.jpg 228w\" sizes=\"auto, (max-width: 278px) 100vw, 278px\" \/>\t\t\t\t\t\t\t\t\t\t\t<\/div>\n\t\t\t\t<\/div>\n\t\t\t\t<\/div>\n\t\t\t\t\t<\/div>\n\t\t<\/div>\n\t\t\t\t<div class=\"elementor-column elementor-col-66 elementor-top-column elementor-element elementor-element-5032604\" data-id=\"5032604\" data-element_type=\"column\">\n\t\t\t<div class=\"elementor-widget-wrap elementor-element-populated\">\n\t\t\t\t\t\t\t\t<div class=\"elementor-element elementor-element-d2124f1 gyan-title-desc-justify elementor-widget elementor-widget-gyan_title\" data-id=\"d2124f1\" data-element_type=\"widget\" data-widget_type=\"gyan_title.default\">\n\t\t\t\t<div class=\"elementor-widget-container\">\n\t\t\t\t\t<div class=\"gyan-title\">\r\n\t\t\t<h2 class=\"gyan-title-heading\">Mikao Usui <\/h2><div class=\"gyan-title-desc\">Para tentar compreender as origens que influenciaram a vida de seu fundador, Mikao Usui nascido em 15\/AGO\/1865, em uma classe abastada de Samurais, teve forma\u00e7\u00e3o acad\u00eamica em medicina, hist\u00f3ria e psicologia, estudou com monges budistas durante a inf\u00e2ncia, estudou artes esot\u00e9ricas e magias, visitou a Europa e Estados Unidos, e estudou na China tendo parte de sua carreira profissional junto de um pol\u00edtico em T\u00f3quio. Faleceu de um derrame cerebral em 1926 (informa\u00e7\u00f5es de seus alunos, pois nada ficou registrado na hist\u00f3ria de vida simples que manteve para desenvolver seu trabalho, que inicialmente era apenas aplicado e usado em grupos secretos, uma pr\u00e1tica comum entre as castas mais elevadas na China e Jap\u00e3o). \u00c0 principio ele n\u00e3o criou um sistema de cura, mas trabalhou v\u00e1rias pr\u00e1ticas de filosofias pesquisadas mais antigas como a medicina tradicional chinesa e a medicina tibetana. A fam\u00edlia de Mikao Usui era Budista Tendai, dedicando-se a essa forma de Budismo ao longo de sua vida. A forma esot\u00e9rica, ou comum,  de Tendai tamb\u00e9m conhecida e praticada por Usui, adotava mantras e mudr\u00e1s (posi\u00e7\u00e3o das m\u00e3os ou do corpo) como parte de seu culto, estes s\u00e3o outros elementos incorporados por Usui no seu sistema de Reiki. Mantras vindos de poemas (Waka) que devem fazer parte da medita\u00e7\u00e3o di\u00e1ria, e deve-los escreve-los tamb\u00e9m diariamente, na \u00e9poca de seus ensinamentos espirituais era usados os Mantras (WAKA) inspiradores do imperador Meiji. (Livro de Walter L\u00fcbeck, +2 \u2013 The Spirit of Reiki)  \n<p>\nSem influencias crist\u00e3s \u2013 embora saibamos que Usui conhecia as escrituras crist\u00e3s, hoje parece claro que ele nunca foi crist\u00e3o, nem ensinou numa escola crist\u00e3. O cristianismo n\u00e3o \u00e9 uma influencia no desenvolvimento do Reiki, pelo menos n\u00e3o do modo sugerido na hist\u00f3ria contada por Hawayo Takata. A principal influencia no desenvolvimento do Reiki est\u00e1 realmente na origem japonesa.  \n<p>\nOs s\u00edmbolos inicialmente empregados por Mikao Usui surgiram no final de seus ensinamentos como que para fixar a forma de tratamento e aplica\u00e7\u00e3o do Reiki. Os quatro s\u00edmbolos principais, sempre foi envolto de uma pol\u00eamica,  os alunos-mestres de Hawayo Takata descobriram depois de sua morte, que haviam varia\u00e7\u00f5es de s\u00edmbolos que ela manteve em segredo, ent\u00e3o houve muitas outras varia\u00e7\u00f5es ensinadas em tempos diferentes por outros professores. Depois dessa pol\u00eamica na d\u00e9cada de 90, descobriu-se que Mikao Usui s\u00f3 introduziu 4 s\u00edmbolos, assim como a imposi\u00e7\u00e3o das m\u00e3os, que ele pediu a seu aluno m\u00e9dico Chujiro Hayashi que elaborasse um conjunto de posi\u00e7\u00f5es de aplicar sistematicamente em todo o corpo. \n<p>\nAssim o Reiki veio para o ocidente por Hawayo Takata, e ao mesmo tempo no Oriente se difundiu por outros alunos de Usui, e n\u00e3o cabe a ningu\u00e9m julgar o que \u00e9 mais certo, saber que Usui criou algo simples para aplica\u00e7\u00e3o do Reiki, e uma vez descoberto que funcionava criou se muitos m\u00e9todos de divulgar esse tipo de cura hol\u00edstica que hoje est\u00e1 sendo usado e ensinado em todos os pa\u00edses do mundo. Seja ele no m\u00e9todo tradicional ou com outras t\u00e9cnicas alternativas, respeitemos o caminho de todos. <\/div>\t\t<\/div>\r\n\t\t\t\t<\/div>\n\t\t\t\t<\/div>\n\t\t\t\t\t<\/div>\n\t\t<\/div>\n\t\t\t\t\t\t\t<\/div>\n\t\t<\/section>\n\t\t\t\t<section class=\"elementor-section elementor-top-section elementor-element elementor-element-e09527f elementor-section-boxed elementor-section-height-default elementor-section-height-default\" data-id=\"e09527f\" data-element_type=\"section\">\n\t\t\t\t\t\t<div class=\"elementor-container elementor-column-gap-default\">\n\t\t\t\t\t<div class=\"elementor-column elementor-col-33 elementor-top-column elementor-element elementor-element-1ad4e8e\" data-id=\"1ad4e8e\" data-element_type=\"column\">\n\t\t\t<div class=\"elementor-widget-wrap elementor-element-populated\">\n\t\t\t\t\t\t\t\t<div class=\"elementor-element elementor-element-6cace72 elementor-hidden-phone elementor-widget elementor-widget-image\" data-id=\"6cace72\" data-element_type=\"widget\" data-widget_type=\"image.default\">\n\t\t\t\t<div class=\"elementor-widget-container\">\n\t\t\t\t\t<div class=\"elementor-image\">\n\t\t\t\t\t\t\t\t\t\t<img loading=\"lazy\" decoding=\"async\" width=\"262\" height=\"378\" src=\"https:\/\/vivacomharmonia.com.br\/wp-content\/uploads\/2025\/05\/reiki5.jpg\" class=\"attachment-full size-full\" alt=\"\" srcset=\"https:\/\/vivacomharmonia.com.br\/wp-content\/uploads\/2025\/05\/reiki5.jpg 262w, https:\/\/vivacomharmonia.com.br\/wp-content\/uploads\/2025\/05\/reiki5-208x300.jpg 208w\" sizes=\"auto, (max-width: 262px) 100vw, 262px\" \/>\t\t\t\t\t\t\t\t\t\t\t<\/div>\n\t\t\t\t<\/div>\n\t\t\t\t<\/div>\n\t\t\t\t\t<\/div>\n\t\t<\/div>\n\t\t\t\t<div class=\"elementor-column elementor-col-66 elementor-top-column elementor-element elementor-element-2f308eb\" data-id=\"2f308eb\" data-element_type=\"column\">\n\t\t\t<div class=\"elementor-widget-wrap elementor-element-populated\">\n\t\t\t\t\t\t\t\t<div class=\"elementor-element elementor-element-7260e06 gyan-title-desc-left elementor-widget elementor-widget-gyan_title\" data-id=\"7260e06\" data-element_type=\"widget\" data-widget_type=\"gyan_title.default\">\n\t\t\t\t<div class=\"elementor-widget-container\">\n\t\t\t\t\t<div class=\"gyan-title\">\r\n\t\t\t<h4 class=\"gyan-title-heading\">Reiki aplicado no Jap\u00e3o com o conhecimento adquirido no Ocidente, mesclando os conhecimentos. <\/h4><div class=\"gyan-title-desc\">Ao longo da hist\u00f3ria, o homem sempre buscou a supera\u00e7\u00e3o dos seus males. In\u00fameras etapas marcaram a evolu\u00e7\u00e3o da arte de curar. Por\u00e9m, \u00e9 dif\u00edcil delimit\u00e1-las com exatid\u00e3o, uma vez que a arte de curar esteve, por muito tempo, associada \u00e0s pr\u00e1ticas m\u00e1gicas, m\u00edsticas e ritual\u00edsticas. Em todas estas etapas, as pr\u00e1ticas de cura utilizaram as plantas medicinais. \n\nO homem sempre utilizou as plantas como fonte de alimentos e observava os efeitos que elas provocavam no seu organismo. Em fun\u00e7\u00e3o disto, foi fazendo a tiragem das plantas que tinham atividades aliment\u00edcias, medicinais e t\u00f3xicas, etc. <p><p>\nImportante saber que para aplicar Reiki e receber Reiki, exige um preparo principalmente por parte do Terapeuta que deve estar em dia com seu movimento espiritual, se alimentar  de forma leve e mais natural poss\u00edvel, fazer aterramento, medita\u00e7\u00e3o e respeitar seu pr\u00f3prio corpo para que a energia flua de forma leve e suave, com gratid\u00e3o ao Universo. \n<p>\nPesquisa: A B\u00edblia do Reiki de Eleanor McKenzie \u2013 Editora Pensamento \n<p>\n\nComo terapeuta integrativa, me coloco a disposi\u00e7\u00e3o para aplica\u00e7\u00e3o do Reiki presencial ou a dist\u00e2ncia, em conjunto com as demais t\u00e9cnicas aqui mencionadas neste site, por fazerem parte d\u00e1 minha experi\u00eancia de vida, no caminho espiritual e profissional.   \n\n \nComo terapeuta integrativa, me coloco a disposi\u00e7\u00e3o para aplica\u00e7\u00e3o do Reiki presencial ou a dist\u00e2ncia, em conjunto com as demais t\u00e9cnicas aqui mencionadas neste site, por fazerem parte d\u00e1 minha experi\u00eancia de vida, no caminho espiritual e profissional. . \n<\/div>\t\t<\/div>\r\n\t\t\t\t<\/div>\n\t\t\t\t<\/div>\n\t\t\t\t<div class=\"elementor-element elementor-element-6095367 gyan-stack-desktop-no gyan-heading-stack-none elementor-widget elementor-widget-gyan_dual_color_heading\" data-id=\"6095367\" data-element_type=\"widget\" data-widget_type=\"gyan_dual_color_heading.default\">\n\t\t\t\t<div class=\"elementor-widget-container\">\n\t\t\t\t\t<div class=\"gyan-module-content gyan-dual-color-heading\">\r\n\t\t\t<h5>\r\n\t\t\t\t\t\t\t\t\t\t<span class=\"gyan-before-heading\"><span class=\"gyan-dual-heading-text gyan-first-text\">QUER CONHECER MAIS,<\/span><\/span><span class=\"gyan-adv-heading-stack\"><span class=\"gyan-dual-heading-text gyan-highlight-text\">VEM CONVERSAR COMIGO <\/span><\/span>\t\t\t\t\t\t\t<\/h5>\r\n\t\t<\/div>\r\n\t\t\t\t<\/div>\n\t\t\t\t<\/div>\n\t\t\t\t\t<\/div>\n\t\t<\/div>\n\t\t\t\t\t\t\t<\/div>\n\t\t<\/section>\n\t\t\t\t<section class=\"elementor-section elementor-top-section elementor-element elementor-element-361ad1c elementor-section-boxed elementor-section-height-default elementor-section-height-default\" data-id=\"361ad1c\" data-element_type=\"section\">\n\t\t\t\t\t\t<div class=\"elementor-container elementor-column-gap-default\">\n\t\t\t\t\t<div class=\"elementor-column elementor-col-100 elementor-top-column elementor-element elementor-element-9c6a5a0\" data-id=\"9c6a5a0\" data-element_type=\"column\">\n\t\t\t<div class=\"elementor-widget-wrap\">\n\t\t\t\t\t\t\t\t\t<\/div>\n\t\t<\/div>\n\t\t\t\t\t\t\t<\/div>\n\t\t<\/section>\n\t\t\t\t<section class=\"elementor-section elementor-top-section elementor-element elementor-element-db7dc9d elementor-section-boxed elementor-section-height-default elementor-section-height-default\" data-id=\"db7dc9d\" data-element_type=\"section\">\n\t\t\t\t\t\t<div class=\"elementor-container elementor-column-gap-default\">\n\t\t\t\t\t<div class=\"elementor-column elementor-col-100 elementor-top-column elementor-element elementor-element-7d440c1\" data-id=\"7d440c1\" data-element_type=\"column\">\n\t\t\t<div class=\"elementor-widget-wrap elementor-element-populated\">\n\t\t\t\t\t\t\t\t<div class=\"elementor-element elementor-element-fdf752b elementor-widget elementor-widget-image\" data-id=\"fdf752b\" data-element_type=\"widget\" data-widget_type=\"image.default\">\n\t\t\t\t<div class=\"elementor-widget-container\">\n\t\t\t\t\t<div class=\"elementor-image\">\n\t\t\t\t\t\t\t\t\t\t\t<a href=\"https:\/\/wa.me\/5541988555124?text=Quero%20saber%20mais.\" target=\"_blank\">\n\t\t\t\t\t\t\t<img loading=\"lazy\" decoding=\"async\" width=\"194\" height=\"54\" src=\"https:\/\/vivacomharmonia.com.br\/wp-content\/uploads\/2025\/05\/botao.png\" class=\"attachment-large size-large\" alt=\"\" \/>\t\t\t\t\t\t\t\t<\/a>\n\t\t\t\t\t\t\t\t\t\t\t<\/div>\n\t\t\t\t<\/div>\n\t\t\t\t<\/div>\n\t\t\t\t\t<\/div>\n\t\t<\/div>\n\t\t\t\t\t\t\t<\/div>\n\t\t<\/section>\n\t\t\t\t\t\t<\/div>\n\t\t\t\t\t<\/div>\n\t\t","protected":false},"excerpt":{"rendered":"<p>Introdu\u00e7\u00e3o O Reiki \u00e9 uma pr\u00e1tica muito pessoal, cada um de n\u00f3s percorre o pr\u00f3prio caminho com o Reiki, mas todos trabalham com a mesma energia universal. O que significa \u201cReiki\u201d? Rei significa \u2018espirito universal, transcendental, ou ess\u00eancia ilimitada\u2019. Ki representa a \u2018energia da for\u00e7a vital\u2019 e em sua qualidade <a class=\"read-more\" href=\"https:\/\/vivacomharmonia.com.br\/index.php\/reiki\/\">Leia mais<\/a><\/p>\n","protected":false},"author":1,"featured_media":0,"parent":0,"menu_order":0,"comment_status":"closed","ping_status":"closed","template":"","meta":{"footnotes":""},"class_list":["post-3068","page","type-page","status-publish","hentry"],"_links":{"self":[{"href":"https:\/\/vivacomharmonia.com.br\/index.php\/wp-json\/wp\/v2\/pages\/3068","targetHints":{"allow":["GET"]}}],"collection":[{"href":"https:\/\/vivacomharmonia.com.br\/index.php\/wp-json\/wp\/v2\/pages"}],"about":[{"href":"https:\/\/vivacomharmonia.com.br\/index.php\/wp-json\/wp\/v2\/types\/page"}],"author":[{"embeddable":true,"href":"https:\/\/vivacomharmonia.com.br\/index.php\/wp-json\/wp\/v2\/users\/1"}],"replies":[{"embeddable":true,"href":"https:\/\/vivacomharmonia.com.br\/index.php\/wp-json\/wp\/v2\/comments?post=3068"}],"version-history":[{"count":43,"href":"https:\/\/vivacomharmonia.com.br\/index.php\/wp-json\/wp\/v2\/pages\/3068\/revisions"}],"predecessor-version":[{"id":3925,"href":"https:\/\/vivacomharmonia.com.br\/index.php\/wp-json\/wp\/v2\/pages\/3068\/revisions\/3925"}],"wp:attachment":[{"href":"https:\/\/vivacomharmonia.com.br\/index.php\/wp-json\/wp\/v2\/media?parent=3068"}],"curies":[{"name":"wp","href":"https:\/\/api.w.org\/{rel}","templated":true}]}}