{"id":2042,"date":"2021-03-30T00:16:27","date_gmt":"2021-03-30T00:16:27","guid":{"rendered":"http:\/\/vivacomharmonia.com.br\/site\/?page_id=2042"},"modified":"2025-06-26T18:17:23","modified_gmt":"2025-06-26T18:17:23","slug":"reiki-2","status":"publish","type":"page","link":"https:\/\/vivacomharmonia.com.br\/index.php\/reiki-2\/","title":{"rendered":"RADIESTESIA"},"content":{"rendered":"\t\t<div data-elementor-type=\"wp-page\" data-elementor-id=\"2042\" class=\"elementor elementor-2042\" data-elementor-settings=\"[]\">\n\t\t\t\t\t\t\t<div class=\"elementor-section-wrap\">\n\t\t\t\t\t\t\t<section class=\"elementor-section elementor-top-section elementor-element elementor-element-bc6ba95 elementor-section-boxed elementor-section-height-default elementor-section-height-default\" data-id=\"bc6ba95\" data-element_type=\"section\">\n\t\t\t\t\t\t<div class=\"elementor-container elementor-column-gap-default\">\n\t\t\t\t\t<div class=\"elementor-column elementor-col-33 elementor-top-column elementor-element elementor-element-68a8326\" data-id=\"68a8326\" data-element_type=\"column\">\n\t\t\t<div class=\"elementor-widget-wrap elementor-element-populated\">\n\t\t\t\t\t\t\t\t<div class=\"elementor-element elementor-element-17b8e78 elementor-widget elementor-widget-image\" data-id=\"17b8e78\" data-element_type=\"widget\" data-widget_type=\"image.default\">\n\t\t\t\t<div class=\"elementor-widget-container\">\n\t\t\t\t\t<div class=\"elementor-image\">\n\t\t\t\t\t\t\t\t\t\t<img loading=\"lazy\" decoding=\"async\" width=\"350\" height=\"338\" src=\"https:\/\/vivacomharmonia.com.br\/wp-content\/uploads\/2025\/05\/reiki6.jpg\" class=\"attachment-full size-full\" alt=\"\" srcset=\"https:\/\/vivacomharmonia.com.br\/wp-content\/uploads\/2025\/05\/reiki6.jpg 350w, https:\/\/vivacomharmonia.com.br\/wp-content\/uploads\/2025\/05\/reiki6-300x290.jpg 300w\" sizes=\"auto, (max-width: 350px) 100vw, 350px\" \/>\t\t\t\t\t\t\t\t\t\t\t<\/div>\n\t\t\t\t<\/div>\n\t\t\t\t<\/div>\n\t\t\t\t\t<\/div>\n\t\t<\/div>\n\t\t\t\t<div class=\"elementor-column elementor-col-66 elementor-top-column elementor-element elementor-element-7534421\" data-id=\"7534421\" data-element_type=\"column\">\n\t\t\t<div class=\"elementor-widget-wrap elementor-element-populated\">\n\t\t\t\t\t\t\t\t<div class=\"elementor-element elementor-element-4992105 gyan-title-desc-left elementor-widget elementor-widget-gyan_title\" data-id=\"4992105\" data-element_type=\"widget\" data-widget_type=\"gyan_title.default\">\n\t\t\t\t<div class=\"elementor-widget-container\">\n\t\t\t\t\t<div class=\"gyan-title\">\r\n\t\t\t<h2 class=\"gyan-title-heading\">Introdu\u00e7\u00e3o<\/h2><div class=\"gyan-title-desc\">Palavra de origem latina (Radium \u2013 radia\u00e7\u00e3o) e do grego (Aestesis \u2013 percep\u00e7\u00e3o, sensibilidade). Tamb\u00e9m chamada de Palomancia, Rabdomancia,  por causa das varetas que parecem adivinhar os sentidos. <p>\n\nCi\u00eancia milenar, com v\u00e1rios p\u00eandulos encontrados no Egito \u2013 Vale dos Reis. Na China, 2000 a.C., os radiestesistas usavam essa arte para encontrar fontes de \u00e1gua, min\u00e9rios, e tamb\u00e9m usavam na agricultura. <\/div>\t\t<\/div>\r\n\t\t\t\t<\/div>\n\t\t\t\t<\/div>\n\t\t\t\t\t<\/div>\n\t\t<\/div>\n\t\t\t\t\t\t\t<\/div>\n\t\t<\/section>\n\t\t\t\t<section class=\"elementor-section elementor-top-section elementor-element elementor-element-768038c elementor-section-boxed elementor-section-height-default elementor-section-height-default\" data-id=\"768038c\" data-element_type=\"section\">\n\t\t\t\t\t\t<div class=\"elementor-container elementor-column-gap-default\">\n\t\t\t\t\t<div class=\"elementor-column elementor-col-100 elementor-top-column elementor-element elementor-element-a59e12b\" data-id=\"a59e12b\" data-element_type=\"column\">\n\t\t\t<div class=\"elementor-widget-wrap elementor-element-populated\">\n\t\t\t\t\t\t\t\t<div class=\"elementor-element elementor-element-c554823 gyan-title-desc-justify elementor-widget elementor-widget-gyan_title\" data-id=\"c554823\" data-element_type=\"widget\" data-widget_type=\"gyan_title.default\">\n\t\t\t\t<div class=\"elementor-widget-container\">\n\t\t\t\t\t<div class=\"gyan-title\">\r\n\t\t\t<div class=\"gyan-title-desc\">Roma foi constru\u00edda sobre um lugar escolhido por um radiestesista etrusco que determinou a zona de influ\u00eancias, favoraveis para implanta\u00e7\u00e3o da cidade. Cada ex\u00e9rcito romano tinha um pelot\u00e3o de radiestesistas, que usando varas de madeira detectavam fontes de \u00e1gua subterr\u00e2neas necess\u00e1rias \u00e0 alimenta\u00e7\u00e3o das tropas, enquanto os sacerdotes de Roma Imperial usavam os p\u00eandulos.  <p> <p>\n\nDurante a Idade M\u00e9dia o uso da radiestesia foi proibido por ser confundido com pr\u00e1ticas de magia negra e condenado pela Inquisi\u00e7\u00e3o at\u00e9 1546, mas 100 anos depois j\u00e1 se descobriram que estavam sendo usadas novamente em busca de \u00e1gua e minas segundo Marqu\u00eas de Beausoleil. \n <p> <p>\nNo s\u00e9culo XVIII, em 1780, os m\u00e9dicos Dr. Thouvenel e Dr. Bleton escrevem o livro \"Mem\u00f3ria f\u00edsica e medicinal\", demonstrando as rela\u00e7\u00f5es entre a forquilha, o magnetismo e a eletricidade. \n  <p> <p>\nEm 1890, os abades Mermet e Bouly usaram pela primeira vez o termo radiestesia. \n  <p> <p>\nEm 1929 \u00e9 criada a Associa\u00e7\u00e3o Francesa dos Amigos da Radiestesia, que contava com a participa\u00e7\u00e3o de v\u00e1rios CIENTISTAS das melhores academias de ci\u00eancias da \u00e9poca. Desde ent\u00e3o esta ci\u00eancia tem ganhado in\u00fameros adeptos, crescendo muito no dom\u00ednio da MEDICINA, da PSICOLOGIA, na harmoniza\u00e7\u00e3o de casas e terrenos. <\/div>\t\t<\/div>\r\n\t\t\t\t<\/div>\n\t\t\t\t<\/div>\n\t\t\t\t\t<\/div>\n\t\t<\/div>\n\t\t\t\t\t\t\t<\/div>\n\t\t<\/section>\n\t\t\t\t<section class=\"elementor-section elementor-top-section elementor-element elementor-element-2abf7d7 elementor-section-boxed elementor-section-height-default elementor-section-height-default\" data-id=\"2abf7d7\" data-element_type=\"section\">\n\t\t\t\t\t\t<div class=\"elementor-container elementor-column-gap-default\">\n\t\t\t\t\t<div class=\"elementor-column elementor-col-33 elementor-top-column elementor-element elementor-element-54f2850\" data-id=\"54f2850\" data-element_type=\"column\">\n\t\t\t<div class=\"elementor-widget-wrap elementor-element-populated\">\n\t\t\t\t\t\t\t\t<div class=\"elementor-element elementor-element-a4b073b elementor-widget elementor-widget-image\" data-id=\"a4b073b\" data-element_type=\"widget\" data-widget_type=\"image.default\">\n\t\t\t\t<div class=\"elementor-widget-container\">\n\t\t\t\t\t<div class=\"elementor-image\">\n\t\t\t\t\t\t\t\t\t\t<img loading=\"lazy\" decoding=\"async\" width=\"250\" height=\"161\" src=\"https:\/\/vivacomharmonia.com.br\/wp-content\/uploads\/2025\/05\/rad2.png\" class=\"attachment-full size-full\" alt=\"\" \/>\t\t\t\t\t\t\t\t\t\t\t<\/div>\n\t\t\t\t<\/div>\n\t\t\t\t<\/div>\n\t\t\t\t\t<\/div>\n\t\t<\/div>\n\t\t\t\t<div class=\"elementor-column elementor-col-66 elementor-top-column elementor-element elementor-element-ead4183\" data-id=\"ead4183\" data-element_type=\"column\">\n\t\t\t<div class=\"elementor-widget-wrap elementor-element-populated\">\n\t\t\t\t\t\t\t\t<div class=\"elementor-element elementor-element-bd218fe gyan-title-desc-left elementor-widget elementor-widget-gyan_title\" data-id=\"bd218fe\" data-element_type=\"widget\" data-widget_type=\"gyan_title.default\">\n\t\t\t\t<div class=\"elementor-widget-container\">\n\t\t\t\t\t<div class=\"gyan-title\">\r\n\t\t\t<h2 class=\"gyan-title-heading\">RADIESTESIA  NOS DIAS DE HOJE <\/h2><div class=\"gyan-title-desc\">A Radiestesia \u00e9 o melhor ve\u00edculo para desenvolver, de forma orientada, a percep\u00e7\u00e3o humana na an\u00e1lise de todas as radia\u00e7\u00f5es que interferem de alguma forma na vida dos seres vivos, destingui-las e classific\u00e1-las. <p> \u00c9 uma ci\u00eancia, pode-se dizer assim, da percep\u00e7\u00e3o extrasensorial, al\u00e9m da percep\u00e7\u00e3o dos cinco sentidos.  <\/div>\t\t<\/div>\r\n\t\t\t\t<\/div>\n\t\t\t\t<\/div>\n\t\t\t\t\t<\/div>\n\t\t<\/div>\n\t\t\t\t\t\t\t<\/div>\n\t\t<\/section>\n\t\t\t\t<section class=\"elementor-section elementor-top-section elementor-element elementor-element-006d5d5 elementor-section-boxed elementor-section-height-default elementor-section-height-default\" data-id=\"006d5d5\" data-element_type=\"section\">\n\t\t\t\t\t\t<div class=\"elementor-container elementor-column-gap-default\">\n\t\t\t\t\t<div class=\"elementor-column elementor-col-100 elementor-top-column elementor-element elementor-element-cff3f67\" data-id=\"cff3f67\" data-element_type=\"column\">\n\t\t\t<div class=\"elementor-widget-wrap elementor-element-populated\">\n\t\t\t\t\t\t\t\t<div class=\"elementor-element elementor-element-02c68d5 gyan-title-desc-justify elementor-widget elementor-widget-gyan_title\" data-id=\"02c68d5\" data-element_type=\"widget\" data-widget_type=\"gyan_title.default\">\n\t\t\t\t<div class=\"elementor-widget-container\">\n\t\t\t\t\t<div class=\"gyan-title\">\r\n\t\t\t<div class=\"gyan-title-desc\">O c\u00e9rebro humano \u00e9 capaz de distinguir, \u00e0 dist\u00e2ncia ou institivamente energias micro vibrat\u00f3rias, n\u00e3o existindo aparelhos fisicos capazes de capt\u00e1-las. <p> <p> \n\nNessa percep\u00e7\u00e3o de energias o radiestesista usa instrumentos como: p\u00eandulo, Aumeter e Dual Road. Gr\u00e1ficos indicadores, como o Bi\u00f4metro de Bovis, e reequilibradores energ\u00e9ticos como os cristais. \n <p> <p>\nHoje mais do que nunca, sabemos que estamos imersos num universo energ\u00e9tico multidmencional, onde a realidade fundamental est\u00e1 fora de nossa vis\u00e3o e sentidos f\u00edsicos. \n <p> <p>\nBasta olhar para as novas tecnologias e perceber que estamos vivendo em um mundo rob\u00f3tico, onde tudo \u00e9 plasmado, e o que sentimos \u00e9 a verdadeira vida que est\u00e1 sendo rodada como em um filme, cada pessoa vive suas dores e emo\u00e7\u00f5es, e para sair dessa situa\u00e7\u00e3o \u00e9 preciso mudar a frequ\u00eancia da energia e subir o quantum energ\u00e9tico para ter sa\u00fade f\u00edsica, mental e espiritual. \n <p> <p>\n<\/div>\t\t<\/div>\r\n\t\t\t\t<\/div>\n\t\t\t\t<\/div>\n\t\t\t\t\t<\/div>\n\t\t<\/div>\n\t\t\t\t\t\t\t<\/div>\n\t\t<\/section>\n\t\t\t\t<section class=\"elementor-section elementor-top-section elementor-element elementor-element-52fb535 elementor-section-boxed elementor-section-height-default elementor-section-height-default\" data-id=\"52fb535\" data-element_type=\"section\">\n\t\t\t\t\t\t<div class=\"elementor-container elementor-column-gap-default\">\n\t\t\t\t\t<div class=\"elementor-column elementor-col-33 elementor-top-column elementor-element elementor-element-791f070\" data-id=\"791f070\" data-element_type=\"column\">\n\t\t\t<div class=\"elementor-widget-wrap\">\n\t\t\t\t\t\t\t\t\t<\/div>\n\t\t<\/div>\n\t\t\t\t<div class=\"elementor-column elementor-col-66 elementor-top-column elementor-element elementor-element-1071a27\" data-id=\"1071a27\" data-element_type=\"column\">\n\t\t\t<div class=\"elementor-widget-wrap elementor-element-populated\">\n\t\t\t\t\t\t\t\t<div class=\"elementor-element elementor-element-c742bb5 gyan-title-desc-left elementor-widget elementor-widget-gyan_title\" data-id=\"c742bb5\" data-element_type=\"widget\" data-widget_type=\"gyan_title.default\">\n\t\t\t\t<div class=\"elementor-widget-container\">\n\t\t\t\t\t<div class=\"gyan-title\">\r\n\t\t\t<h2 class=\"gyan-title-heading\">A RADIESTESIA \u00c9 UM SISTEMA DE DESENVOLVIMENTO MENTAL<\/h2><div class=\"gyan-title-desc\"> - A base do fen\u00f4meno radiest\u00e9sico n\u00e3o est\u00e1 na influencia da radia\u00e7\u00e3o do objeto ou da pergunta sobre o p\u00eandulo, mas na percep\u00e7\u00e3o do operador. <p>\n\n - Os parelhos que podem ser usados simplesmente exteriorizam a resposta que j\u00e1 tem o operador, por meio de um sistema de codifica\u00e7\u00e3o.<p>\n\n - Antes de tudo est\u00e1 o radioestesista. Ele tem que se preparar para aumentar sua sensibilidade e aprender a traduzir essa energia atrav\u00e9s do p\u00eandulo ou qualquer outro instrumento. <p>\n\nN\u00e3o h\u00e1 nada de oculto ou misterioso na radiestesia, trata-se do resultado da educa\u00e7\u00e3o da mente, desempenhando suas habilidades profissionais, dentro da sua \u00e1rea de conhecimento e estudos.  Ex: um m\u00e9dico vai ter melhores respostas dentro do seu amplo campo de conhecimentos da sa\u00fade humana. J\u00e1 um engenheiro civil vai ter respostas dentro do seu campo de atua\u00e7\u00e3o nas constru\u00e7\u00f5es prediais. A medida que cada pessoa treina, evolui, ganha autoconfian\u00e7a no uso dos instrumentos. <\/div>\t\t<\/div>\r\n\t\t\t\t<\/div>\n\t\t\t\t<\/div>\n\t\t\t\t\t<\/div>\n\t\t<\/div>\n\t\t\t\t\t\t\t<\/div>\n\t\t<\/section>\n\t\t\t\t<section class=\"elementor-section elementor-top-section elementor-element elementor-element-6f6f5b9 elementor-section-boxed elementor-section-height-default elementor-section-height-default\" data-id=\"6f6f5b9\" data-element_type=\"section\">\n\t\t\t\t\t\t<div class=\"elementor-container elementor-column-gap-default\">\n\t\t\t\t\t<div class=\"elementor-column elementor-col-33 elementor-top-column elementor-element elementor-element-911e3bd\" data-id=\"911e3bd\" data-element_type=\"column\">\n\t\t\t<div class=\"elementor-widget-wrap elementor-element-populated\">\n\t\t\t\t\t\t\t\t<div class=\"elementor-element elementor-element-209c91b elementor-widget elementor-widget-image\" data-id=\"209c91b\" data-element_type=\"widget\" data-widget_type=\"image.default\">\n\t\t\t\t<div class=\"elementor-widget-container\">\n\t\t\t\t\t<div class=\"elementor-image\">\n\t\t\t\t\t\t\t\t\t\t<img loading=\"lazy\" decoding=\"async\" width=\"242\" height=\"208\" src=\"https:\/\/vivacomharmonia.com.br\/wp-content\/uploads\/2025\/06\/ggg.jpg\" class=\"attachment-full size-full\" alt=\"\" \/>\t\t\t\t\t\t\t\t\t\t\t<\/div>\n\t\t\t\t<\/div>\n\t\t\t\t<\/div>\n\t\t\t\t\t<\/div>\n\t\t<\/div>\n\t\t\t\t<div class=\"elementor-column elementor-col-66 elementor-top-column elementor-element elementor-element-dea43ad\" data-id=\"dea43ad\" data-element_type=\"column\">\n\t\t\t<div class=\"elementor-widget-wrap elementor-element-populated\">\n\t\t\t\t\t\t\t\t<div class=\"elementor-element elementor-element-315cc79 gyan-title-desc-left elementor-widget elementor-widget-gyan_title\" data-id=\"315cc79\" data-element_type=\"widget\" data-widget_type=\"gyan_title.default\">\n\t\t\t\t<div class=\"elementor-widget-container\">\n\t\t\t\t\t<div class=\"gyan-title\">\r\n\t\t\t<h2 class=\"gyan-title-heading\">MODALIDADES DE RADIESTESIA <\/h2><div class=\"gyan-title-desc\">Existem muitas modalidades de radiestesia, das quais podemos citar as seguintes: <\/div>\t\t<\/div>\r\n\t\t\t\t<\/div>\n\t\t\t\t<\/div>\n\t\t\t\t\t<\/div>\n\t\t<\/div>\n\t\t\t\t\t\t\t<\/div>\n\t\t<\/section>\n\t\t\t\t<section class=\"elementor-section elementor-top-section elementor-element elementor-element-0ed7e5c elementor-section-boxed elementor-section-height-default elementor-section-height-default\" data-id=\"0ed7e5c\" data-element_type=\"section\">\n\t\t\t\t\t\t<div class=\"elementor-container elementor-column-gap-default\">\n\t\t\t\t\t<div class=\"elementor-column elementor-col-100 elementor-top-column elementor-element elementor-element-ab63db2\" data-id=\"ab63db2\" data-element_type=\"column\">\n\t\t\t<div class=\"elementor-widget-wrap elementor-element-populated\">\n\t\t\t\t\t\t\t\t<div class=\"elementor-element elementor-element-08f0746 gyan-title-desc-left elementor-widget elementor-widget-gyan_title\" data-id=\"08f0746\" data-element_type=\"widget\" data-widget_type=\"gyan_title.default\">\n\t\t\t\t<div class=\"elementor-widget-container\">\n\t\t\t\t\t<div class=\"gyan-title\">\r\n\t\t\t<div class=\"gyan-title-desc\"> - Radiestesia Hidromineral \u2013 utilizada na prospec\u00e7\u00e3o de len\u00e7\u00f3is fre\u00e1ticos, de jazidas minerais e  outros recursos minerais importantes para a ind\u00fastria e a economia como um todo. <p>\n\n- Radiestesia Geobiologica ou Geobiologia \u2013 \u00c9 utilizada na detec\u00e7\u00e3o de anomalias energ\u00e9ticas do meio ambiente, anomalias estas que, segundo comprovada pela pr\u00f3pria radiestesia s\u00e3o causadoras de toda esp\u00e9cie de enfermidades e transtornos de sa\u00fade, inclusive c\u00e2ncer e outras doen\u00e7as tidas como incur\u00e1veis. \n<p>\n- Tele-radiestesia ou Radiestesia Qu\u00e2ntica (sensitiva) \u2013 \u00e9 praticada atrav\u00e9s de mapas, gr\u00e1ficos feitas \u00e0 dist\u00e2ncia. \u00c9 utilizada na localiza\u00e7\u00e3o de \u00e1gua,  objetos perdidos, pessoas perdidas, animais perdidos, e\/ou tratamentos de sa\u00fade em pessoas a dist\u00e2ncia. <p>\n\n- Radiestesia Cl\u00ednica \u2013 \u00e9 praticada em muitos pa\u00edses europeus como forma de detectar e analisar desequil\u00edbrios energ\u00e9ticos no campo de energia do corpo humano. Estes desequil\u00edbrios energ\u00e9ticos seriam a causa e consequ\u00eancia das mais diversas formas de doen\u00e7as que acometeriam o organismo. Tamb\u00e9m usado na prospec\u00e7\u00e3o de rem\u00e9dios e tratamentos adequados a cada caso espec\u00edfico dos pacientes, com hist\u00f3ria de sucesso em muitos casos. \n<p><\/div>\t\t<\/div>\r\n\t\t\t\t<\/div>\n\t\t\t\t<\/div>\n\t\t\t\t\t<\/div>\n\t\t<\/div>\n\t\t\t\t\t\t\t<\/div>\n\t\t<\/section>\n\t\t\t\t<section class=\"elementor-section elementor-top-section elementor-element elementor-element-7f78e0c elementor-section-boxed elementor-section-height-default elementor-section-height-default\" data-id=\"7f78e0c\" data-element_type=\"section\">\n\t\t\t\t\t\t<div class=\"elementor-container elementor-column-gap-default\">\n\t\t\t\t\t<div class=\"elementor-column elementor-col-33 elementor-top-column elementor-element elementor-element-32f6da0\" data-id=\"32f6da0\" data-element_type=\"column\">\n\t\t\t<div class=\"elementor-widget-wrap\">\n\t\t\t\t\t\t\t\t\t<\/div>\n\t\t<\/div>\n\t\t\t\t<div class=\"elementor-column elementor-col-66 elementor-top-column elementor-element elementor-element-2bb7f12\" data-id=\"2bb7f12\" data-element_type=\"column\">\n\t\t\t<div class=\"elementor-widget-wrap elementor-element-populated\">\n\t\t\t\t\t\t\t\t<div class=\"elementor-element elementor-element-76b7d7a gyan-title-desc-left elementor-widget elementor-widget-gyan_title\" data-id=\"76b7d7a\" data-element_type=\"widget\" data-widget_type=\"gyan_title.default\">\n\t\t\t\t<div class=\"elementor-widget-container\">\n\t\t\t\t\t<div class=\"gyan-title\">\r\n\t\t\t<h2 class=\"gyan-title-heading\"> O QUE N\u00c3O FAZER COM RADIESTESIA E P\u00caNDULOS<\/h2><div class=\"gyan-title-desc\">Existem alguns par\u00e2metros que devem ser observados para que a radiestesia seja respeitada como uma ci\u00eancia, e para que realmente traga resultados. \n<p>\n- Prever o futuro \u2013 o futuro se movimenta o tempo todo e depende de muitos par\u00e2metros, s\u00f3 existe o aqui e agora, nada pode ser est\u00e1tico no futuro. N\u00e3o \u00e9 adivinha\u00e7\u00e3o, e sim pesquisa cient\u00edfica a respeito da situa\u00e7\u00e3o questionada. <p>\n\n- Perguntas que envolvem o emocional, n\u00e3o se busca respostas atrav\u00e9s do p\u00eandulo, pois sua mente inferior ou seu inconsciente estar\u00e3o sujeitos mudar e as respostas ser\u00e3o d\u00fabias. \n<p>\n- Usar o p\u00eandulo para brincadeiras em lugares abertos e com pessoas incr\u00e9dulas, estar\u00e1 sujeito a energias interferentes de baixa frequ\u00eancia vibrat\u00f3ria, e at\u00e9 mesmo pessoas com magia negra trazendo ao portador deste objeto cargas delet\u00e9rias dif\u00edceis de serem limpas posteriormente. <p><\/div>\t\t<\/div>\r\n\t\t\t\t<\/div>\n\t\t\t\t<\/div>\n\t\t\t\t\t<\/div>\n\t\t<\/div>\n\t\t\t\t\t\t\t<\/div>\n\t\t<\/section>\n\t\t\t\t<section class=\"elementor-section elementor-top-section elementor-element elementor-element-402b560 elementor-section-boxed elementor-section-height-default elementor-section-height-default\" data-id=\"402b560\" data-element_type=\"section\">\n\t\t\t\t\t\t<div class=\"elementor-container elementor-column-gap-default\">\n\t\t\t\t\t<div class=\"elementor-column elementor-col-100 elementor-top-column elementor-element elementor-element-f48ccc3\" data-id=\"f48ccc3\" data-element_type=\"column\">\n\t\t\t<div class=\"elementor-widget-wrap elementor-element-populated\">\n\t\t\t\t\t\t\t\t<div class=\"elementor-element elementor-element-88b8887 elementor-widget elementor-widget-image\" data-id=\"88b8887\" data-element_type=\"widget\" data-widget_type=\"image.default\">\n\t\t\t\t<div class=\"elementor-widget-container\">\n\t\t\t\t\t<div class=\"elementor-image\">\n\t\t\t\t\t\t\t\t\t\t<img loading=\"lazy\" decoding=\"async\" width=\"476\" height=\"320\" src=\"https:\/\/vivacomharmonia.com.br\/wp-content\/uploads\/2025\/05\/reiki8.jpg\" class=\"attachment-large size-large\" alt=\"\" srcset=\"https:\/\/vivacomharmonia.com.br\/wp-content\/uploads\/2025\/05\/reiki8.jpg 476w, https:\/\/vivacomharmonia.com.br\/wp-content\/uploads\/2025\/05\/reiki8-300x202.jpg 300w\" sizes=\"auto, (max-width: 476px) 100vw, 476px\" \/>\t\t\t\t\t\t\t\t\t\t\t<\/div>\n\t\t\t\t<\/div>\n\t\t\t\t<\/div>\n\t\t\t\t\t<\/div>\n\t\t<\/div>\n\t\t\t\t\t\t\t<\/div>\n\t\t<\/section>\n\t\t\t\t<section class=\"elementor-section elementor-top-section elementor-element elementor-element-05b8df7 elementor-section-boxed elementor-section-height-default elementor-section-height-default\" data-id=\"05b8df7\" data-element_type=\"section\">\n\t\t\t\t\t\t<div class=\"elementor-container elementor-column-gap-default\">\n\t\t\t\t\t<div class=\"elementor-column elementor-col-100 elementor-top-column elementor-element elementor-element-af8a887\" data-id=\"af8a887\" data-element_type=\"column\">\n\t\t\t<div class=\"elementor-widget-wrap elementor-element-populated\">\n\t\t\t\t\t\t\t\t<div class=\"elementor-element elementor-element-10cbfd7 gyan-stack-desktop-no gyan-heading-stack-none elementor-widget elementor-widget-gyan_dual_color_heading\" data-id=\"10cbfd7\" data-element_type=\"widget\" data-widget_type=\"gyan_dual_color_heading.default\">\n\t\t\t\t<div class=\"elementor-widget-container\">\n\t\t\t\t\t<div class=\"gyan-module-content gyan-dual-color-heading\">\r\n\t\t\t<h5>\r\n\t\t\t\t\t\t\t\t\t\t<span class=\"gyan-before-heading\"><span class=\"gyan-dual-heading-text gyan-first-text\">QUER CONHECER MAIS,<\/span><\/span><span class=\"gyan-adv-heading-stack\"><span class=\"gyan-dual-heading-text gyan-highlight-text\">VEM CONVERSAR COMIGO <\/span><\/span>\t\t\t\t\t\t\t<\/h5>\r\n\t\t<\/div>\r\n\t\t\t\t<\/div>\n\t\t\t\t<\/div>\n\t\t\t\t\t<\/div>\n\t\t<\/div>\n\t\t\t\t\t\t\t<\/div>\n\t\t<\/section>\n\t\t\t\t<section class=\"elementor-section elementor-top-section elementor-element elementor-element-4ed813f elementor-section-boxed elementor-section-height-default elementor-section-height-default\" data-id=\"4ed813f\" data-element_type=\"section\">\n\t\t\t\t\t\t<div class=\"elementor-container elementor-column-gap-default\">\n\t\t\t\t\t<div class=\"elementor-column elementor-col-100 elementor-top-column elementor-element elementor-element-8e4890c\" data-id=\"8e4890c\" data-element_type=\"column\">\n\t\t\t<div class=\"elementor-widget-wrap elementor-element-populated\">\n\t\t\t\t\t\t\t\t<div class=\"elementor-element elementor-element-fe4a267 elementor-widget elementor-widget-image\" data-id=\"fe4a267\" data-element_type=\"widget\" data-widget_type=\"image.default\">\n\t\t\t\t<div class=\"elementor-widget-container\">\n\t\t\t\t\t<div class=\"elementor-image\">\n\t\t\t\t\t\t\t\t\t\t\t<a href=\"https:\/\/wa.me\/5541988555124?text=Quero%20saber%20mais.\" target=\"_blank\">\n\t\t\t\t\t\t\t<img loading=\"lazy\" decoding=\"async\" width=\"194\" height=\"54\" src=\"https:\/\/vivacomharmonia.com.br\/wp-content\/uploads\/2025\/05\/botao.png\" class=\"attachment-large size-large\" alt=\"\" \/>\t\t\t\t\t\t\t\t<\/a>\n\t\t\t\t\t\t\t\t\t\t\t<\/div>\n\t\t\t\t<\/div>\n\t\t\t\t<\/div>\n\t\t\t\t\t<\/div>\n\t\t<\/div>\n\t\t\t\t\t\t\t<\/div>\n\t\t<\/section>\n\t\t\t\t\t\t<\/div>\n\t\t\t\t\t<\/div>\n\t\t","protected":false},"excerpt":{"rendered":"<p>Introdu\u00e7\u00e3o Palavra de origem latina (Radium \u2013 radia\u00e7\u00e3o) e do grego (Aestesis \u2013 percep\u00e7\u00e3o, sensibilidade). Tamb\u00e9m chamada de Palomancia, Rabdomancia, por causa das varetas que parecem adivinhar os sentidos. Ci\u00eancia milenar, com v\u00e1rios p\u00eandulos encontrados no Egito \u2013 Vale dos Reis. Na China, 2000 a.C., os radiestesistas usavam essa arte <a class=\"read-more\" href=\"https:\/\/vivacomharmonia.com.br\/index.php\/reiki-2\/\">Leia mais<\/a><\/p>\n","protected":false},"author":1,"featured_media":0,"parent":0,"menu_order":0,"comment_status":"closed","ping_status":"closed","template":"","meta":{"footnotes":""},"class_list":["post-2042","page","type-page","status-publish","hentry"],"_links":{"self":[{"href":"https:\/\/vivacomharmonia.com.br\/index.php\/wp-json\/wp\/v2\/pages\/2042","targetHints":{"allow":["GET"]}}],"collection":[{"href":"https:\/\/vivacomharmonia.com.br\/index.php\/wp-json\/wp\/v2\/pages"}],"about":[{"href":"https:\/\/vivacomharmonia.com.br\/index.php\/wp-json\/wp\/v2\/types\/page"}],"author":[{"embeddable":true,"href":"https:\/\/vivacomharmonia.com.br\/index.php\/wp-json\/wp\/v2\/users\/1"}],"replies":[{"embeddable":true,"href":"https:\/\/vivacomharmonia.com.br\/index.php\/wp-json\/wp\/v2\/comments?post=2042"}],"version-history":[{"count":65,"href":"https:\/\/vivacomharmonia.com.br\/index.php\/wp-json\/wp\/v2\/pages\/2042\/revisions"}],"predecessor-version":[{"id":3941,"href":"https:\/\/vivacomharmonia.com.br\/index.php\/wp-json\/wp\/v2\/pages\/2042\/revisions\/3941"}],"wp:attachment":[{"href":"https:\/\/vivacomharmonia.com.br\/index.php\/wp-json\/wp\/v2\/media?parent=2042"}],"curies":[{"name":"wp","href":"https:\/\/api.w.org\/{rel}","templated":true}]}}