{"id":2040,"date":"2021-03-30T00:15:59","date_gmt":"2021-03-30T00:15:59","guid":{"rendered":"http:\/\/vivacomharmonia.com.br\/site\/?page_id=2040"},"modified":"2025-06-26T17:54:30","modified_gmt":"2025-06-26T17:54:30","slug":"radiestesia","status":"publish","type":"page","link":"https:\/\/vivacomharmonia.com.br\/index.php\/radiestesia\/","title":{"rendered":"FITOTERAPIA"},"content":{"rendered":"\t\t<div data-elementor-type=\"wp-page\" data-elementor-id=\"2040\" class=\"elementor elementor-2040\" data-elementor-settings=\"[]\">\n\t\t\t\t\t\t\t<div class=\"elementor-section-wrap\">\n\t\t\t\t\t\t\t<section class=\"elementor-section elementor-top-section elementor-element elementor-element-edf5c36 elementor-section-boxed elementor-section-height-default elementor-section-height-default\" data-id=\"edf5c36\" data-element_type=\"section\">\n\t\t\t\t\t\t<div class=\"elementor-container elementor-column-gap-default\">\n\t\t\t\t\t<div class=\"elementor-column elementor-col-100 elementor-top-column elementor-element elementor-element-22e72e6\" data-id=\"22e72e6\" data-element_type=\"column\">\n\t\t\t<div class=\"elementor-widget-wrap elementor-element-populated\">\n\t\t\t\t\t\t\t\t<div class=\"elementor-element elementor-element-ccb20a0 elementor-widget elementor-widget-text-editor\" data-id=\"ccb20a0\" data-element_type=\"widget\" data-widget_type=\"text-editor.default\">\n\t\t\t\t<div class=\"elementor-widget-container\">\n\t\t\t\t\t<div class=\"elementor-text-editor elementor-clearfix\"><\/div>\n\t\t\t\t<\/div>\n\t\t\t\t<\/div>\n\t\t\t\t<div class=\"elementor-element elementor-element-70e2182 gyan-title-desc-left elementor-widget elementor-widget-gyan_title\" data-id=\"70e2182\" data-element_type=\"widget\" data-widget_type=\"gyan_title.default\">\n\t\t\t\t<div class=\"elementor-widget-container\">\n\t\t\t\t\t<div class=\"gyan-title\">\r\n\t\t\t<div class=\"gyan-title-desc\">A fitoterapia \u00e9 a m\u00e3e de todas as terapias, a mais antiga, presente em todas as civiliza\u00e7\u00f5es, a mais simples e de aceita\u00e7\u00e3o popular mais abrangente. Quando utilizadas de maneira adequada, os fitoter\u00e1picos apresentam efeitos terap\u00eauticos, \u00e0s vezes, superiores aos dos medicamentos convencionais sint\u00e9ticos, com efeitos colaterais minizados. <p>\n\nA fitoterapia \u00e9 uma terapia com a propriedade de auxiliar na cura de males profunda e integralmente, de forma n\u00e3o agressiva, pois estimula as defesas naturais do organismo e reintegra o ser humano \u00e0s ra\u00edzes terrestres. <p>\n\nFitoter\u00e1pico \u00e9 um medicamento obtido empregando-se exclusivamente mat\u00e9rias-primas ativas vegetais. \u00c9 caracterizado pelo conhecimento da efic\u00e1cia e dos riscos de seu uso, assim como pela reprodutividade e const\u00e2ncia de sua qualidade. Sua efic\u00e1cia e seguran\u00e7a s\u00e3o validadas atrav\u00e9s de levantamento etnofarmacol\u00f3gicos de utiliza\u00e7\u00e3o, documenta\u00e7\u00f5es tecnocient\u00edficas em publica\u00e7\u00f5es ou ensaios cl\u00ednicos. N\u00e3o se considera medicamento fitoter\u00e1pico aquele que, na sua composi\u00e7\u00e3o, inclua subst\u00e2ncias ativas isoladas, de qualquer origem, nem as associa\u00e7\u00f5es destas com extratos vegetais. \n\n<\/div>\t\t<\/div>\r\n\t\t\t\t<\/div>\n\t\t\t\t<\/div>\n\t\t\t\t\t<\/div>\n\t\t<\/div>\n\t\t\t\t\t\t\t<\/div>\n\t\t<\/section>\n\t\t\t\t<section class=\"elementor-section elementor-top-section elementor-element elementor-element-d6af513 elementor-section-boxed elementor-section-height-default elementor-section-height-default\" data-id=\"d6af513\" data-element_type=\"section\">\n\t\t\t\t\t\t<div class=\"elementor-container elementor-column-gap-default\">\n\t\t\t\t\t<div class=\"elementor-column elementor-col-100 elementor-top-column elementor-element elementor-element-55f73fc\" data-id=\"55f73fc\" data-element_type=\"column\">\n\t\t\t<div class=\"elementor-widget-wrap elementor-element-populated\">\n\t\t\t\t\t\t\t\t<div class=\"elementor-element elementor-element-335a0b6 elementor-widget elementor-widget-spacer\" data-id=\"335a0b6\" data-element_type=\"widget\" data-widget_type=\"spacer.default\">\n\t\t\t\t<div class=\"elementor-widget-container\">\n\t\t\t\t\t<div class=\"elementor-spacer\">\n\t\t\t<div class=\"elementor-spacer-inner\"><\/div>\n\t\t<\/div>\n\t\t\t\t<\/div>\n\t\t\t\t<\/div>\n\t\t\t\t\t<\/div>\n\t\t<\/div>\n\t\t\t\t\t\t\t<\/div>\n\t\t<\/section>\n\t\t\t\t<section class=\"elementor-section elementor-top-section elementor-element elementor-element-a230112 elementor-section-boxed elementor-section-height-default elementor-section-height-default\" data-id=\"a230112\" data-element_type=\"section\">\n\t\t\t\t\t\t<div class=\"elementor-container elementor-column-gap-default\">\n\t\t\t\t\t<div class=\"elementor-column elementor-col-50 elementor-top-column elementor-element elementor-element-cc74e08\" data-id=\"cc74e08\" data-element_type=\"column\">\n\t\t\t<div class=\"elementor-widget-wrap elementor-element-populated\">\n\t\t\t\t\t\t\t\t<div class=\"elementor-element elementor-element-717405e elementor-widget elementor-widget-image\" data-id=\"717405e\" data-element_type=\"widget\" data-widget_type=\"image.default\">\n\t\t\t\t<div class=\"elementor-widget-container\">\n\t\t\t\t\t<div class=\"elementor-image\">\n\t\t\t\t\t\t\t\t\t\t<img loading=\"lazy\" decoding=\"async\" width=\"450\" height=\"384\" src=\"https:\/\/vivacomharmonia.com.br\/wp-content\/uploads\/2025\/05\/sdsdscc.jpg\" class=\"attachment-full size-full\" alt=\"\" srcset=\"https:\/\/vivacomharmonia.com.br\/wp-content\/uploads\/2025\/05\/sdsdscc.jpg 450w, https:\/\/vivacomharmonia.com.br\/wp-content\/uploads\/2025\/05\/sdsdscc-300x256.jpg 300w\" sizes=\"auto, (max-width: 450px) 100vw, 450px\" \/>\t\t\t\t\t\t\t\t\t\t\t<\/div>\n\t\t\t\t<\/div>\n\t\t\t\t<\/div>\n\t\t\t\t\t<\/div>\n\t\t<\/div>\n\t\t\t\t<div class=\"elementor-column elementor-col-50 elementor-top-column elementor-element elementor-element-253701f\" data-id=\"253701f\" data-element_type=\"column\">\n\t\t\t<div class=\"elementor-widget-wrap elementor-element-populated\">\n\t\t\t\t\t\t\t\t<div class=\"elementor-element elementor-element-bfeddc8 gyan-title-desc-left elementor-widget elementor-widget-gyan_title\" data-id=\"bfeddc8\" data-element_type=\"widget\" data-widget_type=\"gyan_title.default\">\n\t\t\t\t<div class=\"elementor-widget-container\">\n\t\t\t\t\t<div class=\"gyan-title\">\r\n\t\t\t<h2 class=\"gyan-title-heading\">Hist\u00f3rico<\/h2><div class=\"gyan-title-desc\">Ao longo da hist\u00f3ria, o homem sempre buscou a supera\u00e7\u00e3o dos seus males. In\u00fameras etapas marcaram a evolu\u00e7\u00e3o da arte de curar. Por\u00e9m, \u00e9 dif\u00edcil delimit\u00e1-las com exatid\u00e3o, uma vez que a arte de curar esteve, por muito tempo, associada \u00e0s pr\u00e1ticas m\u00e1gicas, m\u00edsticas e ritual\u00edsticas. Em todas estas etapas, as pr\u00e1ticas de cura utilizaram as plantas medicinais. \n\nO homem sempre utilizou as plantas como fonte de alimentos e observava os efeitos que elas provocavam no seu organismo. Em fun\u00e7\u00e3o disto, foi fazendo a tiragem das plantas que tinham atividades aliment\u00edcias, medicinais e t\u00f3xicas, etc. <p><p>\n\n<\/div>\t\t<\/div>\r\n\t\t\t\t<\/div>\n\t\t\t\t<\/div>\n\t\t\t\t\t<\/div>\n\t\t<\/div>\n\t\t\t\t\t\t\t<\/div>\n\t\t<\/section>\n\t\t\t\t<section class=\"elementor-section elementor-top-section elementor-element elementor-element-6bc358f elementor-section-boxed elementor-section-height-default elementor-section-height-default\" data-id=\"6bc358f\" data-element_type=\"section\">\n\t\t\t\t\t\t<div class=\"elementor-container elementor-column-gap-default\">\n\t\t\t\t\t<div class=\"elementor-column elementor-col-100 elementor-top-column elementor-element elementor-element-a116ec4\" data-id=\"a116ec4\" data-element_type=\"column\">\n\t\t\t<div class=\"elementor-widget-wrap elementor-element-populated\">\n\t\t\t\t\t\t\t\t<div class=\"elementor-element elementor-element-6803764 gyan-title-desc-left elementor-widget elementor-widget-gyan_title\" data-id=\"6803764\" data-element_type=\"widget\" data-widget_type=\"gyan_title.default\">\n\t\t\t\t<div class=\"elementor-widget-container\">\n\t\t\t\t\t<div class=\"gyan-title\">\r\n\t\t\t<div class=\"gyan-title-desc\">Na antiguidade, acreditava-se na magia do reino vegetal e isto podia ser descoberto e usado atrav\u00e9s do conhecimento emp\u00edrico das plantas. Essa cren\u00e7a foi apropriada pela alquimia e pelo ocultismo que atribu\u00edam \u00e0s plantas um campo capaz de interferir no corpo f\u00edsico e espiritual que oscilava do bem ao mal, do amor ao \u00f3dio, da sa\u00fade \u00e0 doen\u00e7a, da vida \u00e0 morte.  <p><p>\n\nAs primeiras informa\u00e7\u00f5es escritas sobre as plantas medicinais foram encontradas em escava\u00e7\u00f5es na Mesopot\u00e2mia, em 1872, e datam do s\u00e9culo 16 a.C. S\u00e3o os Papiros de \u00c9bers, escrito eg\u00edpcio que inclui mais  de 700 prescri\u00e7\u00f5es com produtos naturais, principalmente as plantas, dentre elas, alho, r\u00edcino, mirra, linho, tomilho, funcho, a\u00e7afr\u00e3o, entre outros.  <p><p><\/div>\t\t<\/div>\r\n\t\t\t\t<\/div>\n\t\t\t\t<\/div>\n\t\t\t\t\t<\/div>\n\t\t<\/div>\n\t\t\t\t\t\t\t<\/div>\n\t\t<\/section>\n\t\t\t\t<section class=\"elementor-section elementor-top-section elementor-element elementor-element-ec1a766 elementor-section-boxed elementor-section-height-default elementor-section-height-default\" data-id=\"ec1a766\" data-element_type=\"section\">\n\t\t\t\t\t\t<div class=\"elementor-container elementor-column-gap-default\">\n\t\t\t\t\t<div class=\"elementor-column elementor-col-50 elementor-top-column elementor-element elementor-element-72beb31\" data-id=\"72beb31\" data-element_type=\"column\">\n\t\t\t<div class=\"elementor-widget-wrap elementor-element-populated\">\n\t\t\t\t\t\t\t\t<div class=\"elementor-element elementor-element-9b4bd40 elementor-widget elementor-widget-image\" data-id=\"9b4bd40\" data-element_type=\"widget\" data-widget_type=\"image.default\">\n\t\t\t\t<div class=\"elementor-widget-container\">\n\t\t\t\t\t<div class=\"elementor-image\">\n\t\t\t\t\t\t\t\t\t\t<img loading=\"lazy\" decoding=\"async\" width=\"390\" height=\"422\" src=\"https:\/\/vivacomharmonia.com.br\/wp-content\/uploads\/2025\/05\/aa.jpg\" class=\"attachment-full size-full\" alt=\"\" srcset=\"https:\/\/vivacomharmonia.com.br\/wp-content\/uploads\/2025\/05\/aa.jpg 390w, https:\/\/vivacomharmonia.com.br\/wp-content\/uploads\/2025\/05\/aa-277x300.jpg 277w\" sizes=\"auto, (max-width: 390px) 100vw, 390px\" \/>\t\t\t\t\t\t\t\t\t\t\t<\/div>\n\t\t\t\t<\/div>\n\t\t\t\t<\/div>\n\t\t\t\t\t<\/div>\n\t\t<\/div>\n\t\t\t\t<div class=\"elementor-column elementor-col-50 elementor-top-column elementor-element elementor-element-2e902f8\" data-id=\"2e902f8\" data-element_type=\"column\">\n\t\t\t<div class=\"elementor-widget-wrap elementor-element-populated\">\n\t\t\t\t\t\t\t\t<div class=\"elementor-element elementor-element-ad519e3 gyan-title-desc-left elementor-widget elementor-widget-gyan_title\" data-id=\"ad519e3\" data-element_type=\"widget\" data-widget_type=\"gyan_title.default\">\n\t\t\t\t<div class=\"elementor-widget-container\">\n\t\t\t\t\t<div class=\"gyan-title\">\r\n\t\t\t<div class=\"gyan-title-desc\">A \u00cdndia \u00e9 o pa\u00eds que, ao lado da China, tem uma grande tradi\u00e7\u00e3o na utiliza\u00e7\u00e3o das plantas medicinais, que constituem a base da terap\u00eautica da Medicina Ayurv\u00e9dica. L\u00e1, foram escritas v\u00e1rias obras sobre medicamentos \u00e0 base de plantas, como s\u00e2ndalo, canela, cardamomo e sobre a prepara\u00e7\u00e3o de elixires, tinturas, ess\u00eancias, sucos, extratos, etc. <p><p>\n\nNa Idade M\u00e9dia, sob o dom\u00ednio do Imp\u00e9rio Romano, o papado adquiriu mais poder, e os crist\u00e3os primitivos, por considerarem que a Igreja, e n\u00e3o os m\u00e9dicos, \u00e9 que deveria ser respons\u00e1vel pela sa\u00fade da mente e da alma, come\u00e7aram a reprimir o uso de muitas ervas \u201cpag\u00e3s\u201d. Em 529 d.C. o papa Greg\u00f3rio, o Grande, proibiu o estudo do que n\u00e3o estivesse de acordo com as ambi\u00e7\u00f5es pol\u00edticas do papado. Assim, durante a Idade das Trevas (200 a 800 d.C.) o conhecimento das ervas e a utiliza\u00e7\u00e3o dos grandes herb\u00e1rios tornou-se ilegal e as pesquisas cient\u00edficas, al\u00e9m da elabora\u00e7\u00e3o de textos escritos, foram interrompidos em toda Europa. <p><p>\n<\/div>\t\t<\/div>\r\n\t\t\t\t<\/div>\n\t\t\t\t<\/div>\n\t\t\t\t\t<\/div>\n\t\t<\/div>\n\t\t\t\t\t\t\t<\/div>\n\t\t<\/section>\n\t\t\t\t<section class=\"elementor-section elementor-top-section elementor-element elementor-element-d6dcd1a elementor-section-boxed elementor-section-height-default elementor-section-height-default\" data-id=\"d6dcd1a\" data-element_type=\"section\">\n\t\t\t\t\t\t<div class=\"elementor-container elementor-column-gap-default\">\n\t\t\t\t\t<div class=\"elementor-column elementor-col-100 elementor-top-column elementor-element elementor-element-72352c6\" data-id=\"72352c6\" data-element_type=\"column\">\n\t\t\t<div class=\"elementor-widget-wrap elementor-element-populated\">\n\t\t\t\t\t\t\t\t<div class=\"elementor-element elementor-element-e4a6308 gyan-title-desc-left elementor-widget elementor-widget-gyan_title\" data-id=\"e4a6308\" data-element_type=\"widget\" data-widget_type=\"gyan_title.default\">\n\t\t\t\t<div class=\"elementor-widget-container\">\n\t\t\t\t\t<div class=\"gyan-title\">\r\n\t\t\t<div class=\"gyan-title-desc\">Entretanto, a sofisticad\u00edssima cultura \u00e1rabe da \u00e9poca conservou e desenvolveu o legado de cura dos gregos, combinou-o com sua medicina tradicional, sobrevivendo \u00e0 tradi\u00e7\u00e3o eg\u00edpcia. Por volta de 900 d.C. todos os textos gregos sobre ervas e bot\u00e2nica sobreviventes tinham sido traduzidos para o \u00e1rabe nos centros culturais do Cairo, de Damasco e de Bagd\u00e1. Quando os ex\u00e9rcitos \u00e1rabes invadiram o Norte da \u00c1frica e da Espanha, levavam consigo seu conhecimento de plantas medicinais e de medicina. Na Espanha, particularmente em C\u00f3rdoba, foram fundadas escolas m\u00e9dicas, que mantiveram vivas as tradi\u00e7\u00f5es m\u00e9dicas gregas e \u00e1rabes durante o per\u00edodo medieval, disseminando os ensinamentos pelo continente europeu. Na verdade mais recentemente, at\u00e9 o s\u00e9culo XVIII, o livro-texto padr\u00e3o em uso nas escolas m\u00e9dicas na Europa \u2013 Avicena Canon Medicinae, ou O C\u00e2non da Medicina \u2013 era uma fus\u00e3o dos sistemas antigos gregos, \u00e1rabe e indiano de medicina e de cura por meio das ervas. <p><p>\n\nO conhecimento preservado pelas escolas \u00e1rabes continua presente at\u00e9 hoje na pr\u00e1tica da cura. Pode-se observar a influ\u00eancia da teoria dos humores, por exemplo, em v\u00e1rias filosofias modernas. O fil\u00f3sofo austr\u00edaco Rudolf Steiner (1861-1925) obteve muitas de suas ideias sobre medicina antropos\u00f3fica das tradi\u00e7\u00f5es de cura greco-\u00e1rabes. Ele introduziu a concep\u00e7\u00e3o da exist\u00eancia de quatro temperamentos, relacionados com a domin\u00e2ncia de um ou outro dos quatro n\u00edveis do ser: col\u00e9rico com ego; sangu\u00edneo com o corpo astral; fleum\u00e1tico com o corpo et\u00e9rico e melanc\u00f3lico com o corpo f\u00edsico. Os tipos de personalidade descritos pelo psic\u00f3logo Hans Eysenck (1916-1997) \u2013 basicamente o extrovertido e o introvertido \u2013 tamb\u00e9m divididos em quatro diferentes tipos, que se assemelham com os influenciados pelos humores. De acordo com a teoria de Eysenck, os tipos introvertidos, col\u00e9ricos e sangu\u00edneos. Os modernos herbalistas profissionais podem recorrer aos quatro temperamentos ou \u00e0 analise de um tipo de personalidade quando avaliam um paciente e optam por uma conduta terap\u00eautica. <p>No s\u00e9culo XX, a obra mais importante sobre plantas medicinais \u00e9 o Dicion\u00e1rio das Plantas \u00dateis do Brasil e das Ex\u00f3ticas Cultivadas, de Pio Correia, uma cole\u00e7\u00e3o de 6 volumes, publicada a partir de 1926. \n<p><p>\nEm 1805, pela primeira vez foi isolado um principio ativo de planta, a MORFINA, um alcaloide da papoula, e em 1838 a SALICILINA, foi extra\u00edda do Salgueiro. A partir dele, em 1860, foi sintetizado o primeiro medicamento em laborat\u00f3rio, a ASPIRINA. Com base nessa t\u00e9cnica, houve um crescente desenvolvimento da qu\u00edmica e novas subst\u00e2ncias foram isoladas em laborat\u00f3rio, e delas novos medicamentos produzidos, o que ocorreu de forma que na segunda metade do s\u00e9culo XX, motivado por v\u00e1rios fatores, dentre eles a descoberta dos antibi\u00f3ticos. <p><p>\n\nNo Brasil o desencanto com o medicamento sint\u00e9tico causando muito mais sintomas do que cura das doen\u00e7as, com o crescimento da sociedade tecnol\u00f3gica e capitalista, prometendo facilidades e abund\u00e2ncia para todos, vem sendo deixada para tr\u00e1s, com o fortalecimento da Fitoterapia muito praticada na Europa, que investe nas universidades, com pesquisas sobre plantas medicinais que comprovam a sua efic\u00e1cia, sua seguran\u00e7a e sua efetividade, acesso f\u00e1cil as plantas, com baixa possibilidade de provocar efeitos adversos, etc. <p><p>\n\nA partir do s\u00e9culo XXI est\u00e3o retornando  e se estabelecendo no Brasil atrav\u00e9s de Terapeutas e M\u00e9dicos tamb\u00e9m os antigos sistemas de sa\u00fade como a Medicina Tibetana, Medicina Ayurv\u00e9dica, Medicina tradicional chinesa, assim como as tradi\u00e7\u00f5es de cura e herbalismo dos grandes Xam\u00e3s das Am\u00e9ricas como um todo. Temos tamb\u00e9m os florais, descritos por Paracelso no s\u00e9culo XVI, colhendo o orvalho das plantas para tratar os problemas emocionais de seus pacientes, fortalecida pelos estudos do m\u00e9dico Edward Bach, respeitado imunologista e bacteriologista. <p><p>\n\nHoje h\u00e1 uma reavalia\u00e7\u00e3o dos rem\u00e9dios feitos a partir de ervas, enfrentando o escrut\u00ednio do mundo cient\u00edfico moderno, onde os herbalistas precisam colher dados e provas da efic\u00e1cia e seguran\u00e7a de ervas terap\u00eauticas,  tendo como ferramentas a bioqu\u00edmica e da farmacologia. Comprovando que os princ\u00edpios ativos das ervas, por interm\u00e9dio da fotoss\u00edntese, as plantas produzem carboidratos e despredem oxig\u00eanio. Nesse processo, criam caminhos metab\u00f3licos que fornecem os elementos essenciais para a cria\u00e7\u00e3o de uma ampla s\u00e9rie de compostos. Nas plantas medicinais, estes incluem minerais, vitaminas e oligoelementos, al\u00e9m de uma grande variedade de substancias que, como se sabe, t\u00eam a\u00e7\u00f5es terap\u00eauticas espec\u00edficas no organismo. Entre essas subst\u00e2ncias, as mais bem conhecidas como fen\u00f3is, cumarina, antraquinonas, taninos, flavonoides, terpenos, monoterpenos, sesquiterpenos, triterpenos, saponinas, glicos\u00eddeos, \u00f3leos vol\u00e1teis, fitoestr\u00f3is, polissacar\u00eddeos, mucilagem, alcaloides, entre outros. <p><p>\n\nA\u00e7\u00f5es medicinais das ervas s\u00e3o muitas entre elas analg\u00e9sicas, antimicrobianas, diur\u00e9ticas, hep\u00e1ticas, sedativas, e  muitas outras mais. \n<\/div>\t\t<\/div>\r\n\t\t\t\t<\/div>\n\t\t\t\t<\/div>\n\t\t\t\t\t<\/div>\n\t\t<\/div>\n\t\t\t\t\t\t\t<\/div>\n\t\t<\/section>\n\t\t\t\t<section class=\"elementor-section elementor-top-section elementor-element elementor-element-691ca53 elementor-section-boxed elementor-section-height-default elementor-section-height-default\" data-id=\"691ca53\" data-element_type=\"section\">\n\t\t\t\t\t\t<div class=\"elementor-container elementor-column-gap-default\">\n\t\t\t\t\t<div class=\"elementor-column elementor-col-100 elementor-top-column elementor-element elementor-element-5ab446c\" data-id=\"5ab446c\" data-element_type=\"column\">\n\t\t\t<div class=\"elementor-widget-wrap elementor-element-populated\">\n\t\t\t\t\t\t\t\t<div class=\"elementor-element elementor-element-b47c223 gyan-title-desc-left elementor-widget elementor-widget-gyan_title\" data-id=\"b47c223\" data-element_type=\"widget\" data-widget_type=\"gyan_title.default\">\n\t\t\t\t<div class=\"elementor-widget-container\">\n\t\t\t\t\t<div class=\"gyan-title\">\r\n\t\t\t<div class=\"gyan-title-desc\">Bibliografia: Guia Completo da Fitoterapia de Anne McIntyre, Editora Pensamento, Apostila de Estudos do Curso de Fitoterapia \u2013 Prof\u00aa Patricia Gambus \u2013 Ibrate 2012.<\/div>\t\t<\/div>\r\n\t\t\t\t<\/div>\n\t\t\t\t<\/div>\n\t\t\t\t\t<\/div>\n\t\t<\/div>\n\t\t\t\t\t\t\t<\/div>\n\t\t<\/section>\n\t\t\t\t<section class=\"elementor-section elementor-top-section elementor-element elementor-element-72f1a46 elementor-section-boxed elementor-section-height-default elementor-section-height-default\" data-id=\"72f1a46\" data-element_type=\"section\">\n\t\t\t\t\t\t<div class=\"elementor-container elementor-column-gap-default\">\n\t\t\t\t\t<div class=\"elementor-column elementor-col-100 elementor-top-column elementor-element elementor-element-b32086e\" data-id=\"b32086e\" data-element_type=\"column\">\n\t\t\t<div class=\"elementor-widget-wrap elementor-element-populated\">\n\t\t\t\t\t\t\t\t<div class=\"elementor-element elementor-element-d9cce63 gyan-stack-desktop-no gyan-heading-stack-none elementor-widget elementor-widget-gyan_dual_color_heading\" data-id=\"d9cce63\" data-element_type=\"widget\" data-widget_type=\"gyan_dual_color_heading.default\">\n\t\t\t\t<div class=\"elementor-widget-container\">\n\t\t\t\t\t<div class=\"gyan-module-content gyan-dual-color-heading\">\r\n\t\t\t<h5>\r\n\t\t\t\t\t\t\t\t\t\t<span class=\"gyan-before-heading\"><span class=\"gyan-dual-heading-text gyan-first-text\">QUER CONHECER MAIS,<\/span><\/span><span class=\"gyan-adv-heading-stack\"><span class=\"gyan-dual-heading-text gyan-highlight-text\">VEM CONVERSAR COMIGO <\/span><\/span>\t\t\t\t\t\t\t<\/h5>\r\n\t\t<\/div>\r\n\t\t\t\t<\/div>\n\t\t\t\t<\/div>\n\t\t\t\t\t<\/div>\n\t\t<\/div>\n\t\t\t\t\t\t\t<\/div>\n\t\t<\/section>\n\t\t\t\t<section class=\"elementor-section elementor-top-section elementor-element elementor-element-cef0a8b elementor-section-boxed elementor-section-height-default elementor-section-height-default\" data-id=\"cef0a8b\" data-element_type=\"section\">\n\t\t\t\t\t\t<div class=\"elementor-container elementor-column-gap-default\">\n\t\t\t\t\t<div class=\"elementor-column elementor-col-100 elementor-top-column elementor-element elementor-element-77ea7c5\" data-id=\"77ea7c5\" data-element_type=\"column\">\n\t\t\t<div class=\"elementor-widget-wrap elementor-element-populated\">\n\t\t\t\t\t\t\t\t<div class=\"elementor-element elementor-element-42f74df elementor-widget elementor-widget-image\" data-id=\"42f74df\" data-element_type=\"widget\" data-widget_type=\"image.default\">\n\t\t\t\t<div class=\"elementor-widget-container\">\n\t\t\t\t\t<div class=\"elementor-image\">\n\t\t\t\t\t\t\t\t\t\t\t<a href=\"https:\/\/wa.me\/5541988555124?text=Quero%20saber%20mais.\" target=\"_blank\">\n\t\t\t\t\t\t\t<img loading=\"lazy\" decoding=\"async\" width=\"194\" height=\"54\" src=\"https:\/\/vivacomharmonia.com.br\/wp-content\/uploads\/2025\/05\/botao.png\" class=\"attachment-large size-large\" alt=\"\" \/>\t\t\t\t\t\t\t\t<\/a>\n\t\t\t\t\t\t\t\t\t\t\t<\/div>\n\t\t\t\t<\/div>\n\t\t\t\t<\/div>\n\t\t\t\t\t<\/div>\n\t\t<\/div>\n\t\t\t\t\t\t\t<\/div>\n\t\t<\/section>\n\t\t\t\t\t\t<\/div>\n\t\t\t\t\t<\/div>\n\t\t","protected":false},"excerpt":{"rendered":"<p>A fitoterapia \u00e9 a m\u00e3e de todas as terapias, a mais antiga, presente em todas as civiliza\u00e7\u00f5es, a mais simples e de aceita\u00e7\u00e3o popular mais abrangente. Quando utilizadas de maneira adequada, os fitoter\u00e1picos apresentam efeitos terap\u00eauticos, \u00e0s vezes, superiores aos dos medicamentos convencionais sint\u00e9ticos, com efeitos colaterais minizados. A fitoterapia <a class=\"read-more\" href=\"https:\/\/vivacomharmonia.com.br\/index.php\/radiestesia\/\">Leia mais<\/a><\/p>\n","protected":false},"author":1,"featured_media":0,"parent":0,"menu_order":0,"comment_status":"closed","ping_status":"closed","template":"","meta":{"footnotes":""},"class_list":["post-2040","page","type-page","status-publish","hentry"],"_links":{"self":[{"href":"https:\/\/vivacomharmonia.com.br\/index.php\/wp-json\/wp\/v2\/pages\/2040","targetHints":{"allow":["GET"]}}],"collection":[{"href":"https:\/\/vivacomharmonia.com.br\/index.php\/wp-json\/wp\/v2\/pages"}],"about":[{"href":"https:\/\/vivacomharmonia.com.br\/index.php\/wp-json\/wp\/v2\/types\/page"}],"author":[{"embeddable":true,"href":"https:\/\/vivacomharmonia.com.br\/index.php\/wp-json\/wp\/v2\/users\/1"}],"replies":[{"embeddable":true,"href":"https:\/\/vivacomharmonia.com.br\/index.php\/wp-json\/wp\/v2\/comments?post=2040"}],"version-history":[{"count":83,"href":"https:\/\/vivacomharmonia.com.br\/index.php\/wp-json\/wp\/v2\/pages\/2040\/revisions"}],"predecessor-version":[{"id":3919,"href":"https:\/\/vivacomharmonia.com.br\/index.php\/wp-json\/wp\/v2\/pages\/2040\/revisions\/3919"}],"wp:attachment":[{"href":"https:\/\/vivacomharmonia.com.br\/index.php\/wp-json\/wp\/v2\/media?parent=2040"}],"curies":[{"name":"wp","href":"https:\/\/api.w.org\/{rel}","templated":true}]}}