{"id":2036,"date":"2021-03-30T00:13:54","date_gmt":"2021-03-30T00:13:54","guid":{"rendered":"http:\/\/vivacomharmonia.com.br\/site\/?page_id=2036"},"modified":"2025-05-15T02:37:44","modified_gmt":"2025-05-15T02:37:44","slug":"terapias","status":"publish","type":"page","link":"https:\/\/vivacomharmonia.com.br\/index.php\/terapias\/","title":{"rendered":"TERAPIAS"},"content":{"rendered":"\t\t<div data-elementor-type=\"wp-page\" data-elementor-id=\"2036\" class=\"elementor elementor-2036\" data-elementor-settings=\"[]\">\n\t\t\t\t\t\t\t<div class=\"elementor-section-wrap\">\n\t\t\t\t\t\t\t<section class=\"elementor-section elementor-top-section elementor-element elementor-element-e0ef64c elementor-section-stretched elementor-section-boxed elementor-section-height-default elementor-section-height-default\" data-id=\"e0ef64c\" data-element_type=\"section\" data-settings=\"{&quot;stretch_section&quot;:&quot;section-stretched&quot;,&quot;background_background&quot;:&quot;classic&quot;}\">\n\t\t\t\t\t\t\t<div class=\"elementor-background-overlay\"><\/div>\n\t\t\t\t\t\t\t<div class=\"elementor-container elementor-column-gap-default\">\n\t\t\t\t\t<div class=\"elementor-column elementor-col-100 elementor-top-column elementor-element elementor-element-9fe2b68\" data-id=\"9fe2b68\" data-element_type=\"column\">\n\t\t\t<div class=\"elementor-widget-wrap elementor-element-populated\">\n\t\t\t\t\t\t\t\t<div class=\"elementor-element elementor-element-2e22cea elementor-grid-4 elementor-grid-tablet-2 elementor-grid-mobile-1 elementor-widget elementor-widget-gyan_services_full_text\" data-id=\"2e22cea\" data-element_type=\"widget\" data-settings=\"{&quot;columns&quot;:&quot;4&quot;,&quot;columns_tablet&quot;:&quot;2&quot;,&quot;columns_mobile&quot;:&quot;1&quot;}\" data-widget_type=\"gyan_services_full_text.default\">\n\t\t\t\t<div class=\"elementor-widget-container\">\n\t\t\t\n\t\t<div class=\"gyan-services-full-container gyan-services-full-container-2e22cea\" data-layout=\"masonry\" data-rtl=\"false\">\n\n\t\t\t<div class=\"gyan-services-full-items gyan-elementor-grid\">\n\n\t\t\t\t\n\t\t\t\t\t<div class=\"gyan-service-full-item gyan-grid-item-wrap\">\n\t\t\t\t\t\t<div class=\"gyan-services-full gyan-grid-item gyan-ease-transition\">\n\t\t\t\t\t\t\t<div class=\"gyan-services-full-img\"><img decoding=\"async\" src=\"https:\/\/vivacomharmonia.com.br\/wp-content\/uploads\/2025\/04\/foto01.jpg\" alt=\"\"><\/div><div class=\"gyan-services-full-content\"><div class=\"gyan-services-full-icon-wrap\"><div class=\"gyan-services-full-icon gyan-icon\"><img decoding=\"async\" src=\"https:\/\/vivacomharmonia.com.br\/wp-content\/uploads\/2025\/05\/aroma-1.png\" alt=\"\"><\/div><\/div><div class=\"gyan-services-full-title-desc\"><h6 class=\"gyan-services-full-title\"><a href=\"http:\/\/vivacomharmonia.com.br\/index.php\/aromaterapia\/\" class=\"gyan-service-full-link\">Aromaterapia<\/a><\/h6><div class=\"gyan-services-full-desc\">Apesar de ser uma pr\u00e1tica ancestral, tamb\u00e9m \u00e9 moderna e relevante para sociedade atual fornecendo recursos para lidar com doen\u00e7as atuais com resultados imediatos.<p><p>.\n<\/div><\/div><a href=\"http:\/\/vivacomharmonia.com.br\/index.php\/aromaterapia\/\" class=\"gyan-service-full-link gyan-services-full-button gyan-ease-transition gyan-flex\"><span class=\"gyan-services-full-button-text\">Saiba +<\/span><span class=\"gyan-services-full-button-arrow\"><\/span><\/a><\/div>\t\t\t\t\t\t<\/div>\n\t\t\t\t\t<\/div>\n\n\t\t\t\t \n\t\t\t\t\t<div class=\"gyan-service-full-item gyan-grid-item-wrap\">\n\t\t\t\t\t\t<div class=\"gyan-services-full gyan-grid-item gyan-ease-transition\">\n\t\t\t\t\t\t\t<div class=\"gyan-services-full-img\"><img decoding=\"async\" src=\"https:\/\/vivacomharmonia.com.br\/wp-content\/uploads\/2025\/05\/foto03.jpg\" alt=\"\"><\/div><div class=\"gyan-services-full-content\"><div class=\"gyan-services-full-icon-wrap\"><div class=\"gyan-services-full-icon gyan-icon\"><img decoding=\"async\" src=\"https:\/\/vivacomharmonia.com.br\/wp-content\/uploads\/2025\/05\/fito.png\" alt=\"\"><\/div><\/div><div class=\"gyan-services-full-title-desc\"><h6 class=\"gyan-services-full-title\"><a href=\"http:\/\/vivacomharmonia.com.br\/index.php\/radiestesia\/\" class=\"gyan-service-full-link\">Fitoterapia<\/a><\/h6><div class=\"gyan-services-full-desc\">\u00c9 a m\u00e3e de todas as terapias mais antigas, desde um ch\u00e1, um extrato vegetal, um extrato alco\u00f3lico, sempre fazendo uma triagem das plantas para atividades aliment\u00edcias, medicinais e t\u00f3xicas. <p>.<\/div><\/div><a href=\"http:\/\/vivacomharmonia.com.br\/index.php\/radiestesia\/\" class=\"gyan-service-full-link gyan-services-full-button gyan-ease-transition gyan-flex\"><span class=\"gyan-services-full-button-text\">Saiba +<\/span><span class=\"gyan-services-full-button-arrow\"><\/span><\/a><\/div>\t\t\t\t\t\t<\/div>\n\t\t\t\t\t<\/div>\n\n\t\t\t\t \n\t\t\t\t\t<div class=\"gyan-service-full-item gyan-grid-item-wrap\">\n\t\t\t\t\t\t<div class=\"gyan-services-full gyan-grid-item gyan-ease-transition\">\n\t\t\t\t\t\t\t<div class=\"gyan-services-full-img\"><img decoding=\"async\" src=\"https:\/\/vivacomharmonia.com.br\/wp-content\/uploads\/2025\/05\/rad2.png\" alt=\"\"><\/div><div class=\"gyan-services-full-content\"><div class=\"gyan-services-full-icon-wrap\"><div class=\"gyan-services-full-icon gyan-icon\"><img decoding=\"async\" src=\"https:\/\/vivacomharmonia.com.br\/wp-content\/uploads\/2025\/05\/33333.png\" alt=\"\"><\/div><\/div><div class=\"gyan-services-full-title-desc\"><h6 class=\"gyan-services-full-title\"><a href=\"http:\/\/vivacomharmonia.com.br\/index.php\/reiki-2\/\" class=\"gyan-service-full-link\">Radiestesia<\/a><\/h6><div class=\"gyan-services-full-desc\">para uso clinico como instrumentos de medi\u00e7\u00e3o (plataformas, gr\u00e1ficos, p\u00eandulos) de pesquisa e levantamento do campo energ\u00e9tico de cada cliente, e posteriormente para pesquisa das plantas usadas no tratamento.<p><\/div><\/div><a href=\"http:\/\/vivacomharmonia.com.br\/index.php\/reiki-2\/\" class=\"gyan-service-full-link gyan-services-full-button gyan-ease-transition gyan-flex\"><span class=\"gyan-services-full-button-text\">Saiba +<\/span><span class=\"gyan-services-full-button-arrow\"><\/span><\/a><\/div>\t\t\t\t\t\t<\/div>\n\t\t\t\t\t<\/div>\n\n\t\t\t\t \n\t\t\t\t\t<div class=\"gyan-service-full-item gyan-grid-item-wrap\">\n\t\t\t\t\t\t<div class=\"gyan-services-full gyan-grid-item gyan-ease-transition\">\n\t\t\t\t\t\t\t<div class=\"gyan-services-full-img\"><img decoding=\"async\" src=\"https:\/\/vivacomharmonia.com.br\/wp-content\/uploads\/2025\/05\/sssssss-1.jpg\" alt=\"\"><\/div><div class=\"gyan-services-full-content\"><div class=\"gyan-services-full-icon-wrap\"><div class=\"gyan-services-full-icon gyan-icon\"><img decoding=\"async\" src=\"https:\/\/vivacomharmonia.com.br\/wp-content\/uploads\/2025\/05\/dddddd-1.png\" alt=\"\"><\/div><\/div><div class=\"gyan-services-full-title-desc\"><h6 class=\"gyan-services-full-title\"><a href=\"http:\/\/vivacomharmonia.com.br\/index.php\/reiki\/\" class=\"gyan-service-full-link\">Reiki<\/a><\/h6><div class=\"gyan-services-full-desc\">O Reiki \u00e9 tratamento energ\u00e9tico de origem budista e  tradi\u00e7\u00f5es do Jap\u00e3o numa pr\u00e1tica \u00fanica em que a energia Universal desde uma pedra, plantas, animais, todos recebem essa fonte de luz inesgot\u00e1vel que muitos chamam de Deus, a fonte que tudo \u00c9.<\/div><\/div><a href=\"http:\/\/vivacomharmonia.com.br\/index.php\/reiki\/\" class=\"gyan-service-full-link gyan-services-full-button gyan-ease-transition gyan-flex\"><span class=\"gyan-services-full-button-text\">Saiba +<\/span><span class=\"gyan-services-full-button-arrow\"><\/span><\/a><\/div>\t\t\t\t\t\t<\/div>\n\t\t\t\t\t<\/div>\n\n\t\t\t\t \n\t\t\t <\/div> <!-- gyan-services-full-items -->\n\t\t\t <div class=\"clear\"><\/div>\n\n\t\t<\/div>\n\n\t\t\t<\/div>\n\t\t\t\t<\/div>\n\t\t\t\t\t<\/div>\n\t\t<\/div>\n\t\t\t\t\t\t\t<\/div>\n\t\t<\/section>\n\t\t\t\t\t\t<\/div>\n\t\t\t\t\t<\/div>\n\t\t","protected":false},"excerpt":{"rendered":"<p>Aromaterapia Apesar de ser uma pr\u00e1tica ancestral, tamb\u00e9m \u00e9 moderna e relevante para sociedade atual fornecendo recursos para lidar com doen\u00e7as atuais com resultados imediatos. . Saiba + Fitoterapia \u00c9 a m\u00e3e de todas as terapias mais antigas, desde um ch\u00e1, um extrato vegetal, um extrato alco\u00f3lico, sempre fazendo uma <a class=\"read-more\" href=\"https:\/\/vivacomharmonia.com.br\/index.php\/terapias\/\">Leia mais<\/a><\/p>\n","protected":false},"author":1,"featured_media":0,"parent":0,"menu_order":0,"comment_status":"closed","ping_status":"closed","template":"","meta":{"footnotes":""},"class_list":["post-2036","page","type-page","status-publish","hentry"],"_links":{"self":[{"href":"https:\/\/vivacomharmonia.com.br\/index.php\/wp-json\/wp\/v2\/pages\/2036","targetHints":{"allow":["GET"]}}],"collection":[{"href":"https:\/\/vivacomharmonia.com.br\/index.php\/wp-json\/wp\/v2\/pages"}],"about":[{"href":"https:\/\/vivacomharmonia.com.br\/index.php\/wp-json\/wp\/v2\/types\/page"}],"author":[{"embeddable":true,"href":"https:\/\/vivacomharmonia.com.br\/index.php\/wp-json\/wp\/v2\/users\/1"}],"replies":[{"embeddable":true,"href":"https:\/\/vivacomharmonia.com.br\/index.php\/wp-json\/wp\/v2\/comments?post=2036"}],"version-history":[{"count":4,"href":"https:\/\/vivacomharmonia.com.br\/index.php\/wp-json\/wp\/v2\/pages\/2036\/revisions"}],"predecessor-version":[{"id":3579,"href":"https:\/\/vivacomharmonia.com.br\/index.php\/wp-json\/wp\/v2\/pages\/2036\/revisions\/3579"}],"wp:attachment":[{"href":"https:\/\/vivacomharmonia.com.br\/index.php\/wp-json\/wp\/v2\/media?parent=2036"}],"curies":[{"name":"wp","href":"https:\/\/api.w.org\/{rel}","templated":true}]}}